{"id":1241,"date":"2020-03-04T13:47:22","date_gmt":"2020-03-04T21:47:22","guid":{"rendered":"https:\/\/collier-law.com\/?page_id=1241"},"modified":"2025-10-10T15:13:27","modified_gmt":"2025-10-10T22:13:27","slug":"practice-areas","status":"publish","type":"page","link":"https:\/\/collier-law.com\/es\/practice-areas\/","title":{"rendered":"\u00c1reas de pr\u00e1ctica"},"content":{"rendered":"<h2>Al servicio de los clientes en Salem y sus alrededores<\/h2>\n<p>La planificaci\u00f3n patrimonial integral abarca casi todos los aspectos de la vida. Empieza por protegerse a s\u00ed mismo y a su dignidad y se extiende a la protecci\u00f3n de sus seres queridos y de los bienes que tanto le ha costado ganar.<\/p>\n<p>Siga los siguientes enlaces para obtener m\u00e1s informaci\u00f3n sobre los servicios prestados en Collier Law:<\/p>\n<h2>Fideicomisos testamentarios revocables<\/h2>\n<p>Un fideicomiso testamentario, tambi\u00e9n conocido como fideicomiso testamentario revocable, es una herramienta de planificaci\u00f3n patrimonial flexible y muy utilizada. Un fideicomiso testamentario revocable es un acuerdo escrito por el que se nombra a un fideicomisario para que gestione los bienes del fideicomiso. Por lo general, los fideicomisos evitan el tribunal testamentario.<br \/>\nM\u00e1s informaci\u00f3n sobre fideicomisos testamentarios revocables.<\/p>\n<h2>\u00daltima voluntad y testamento<\/h2>\n<p>El testamento es la \u00faltima palabra que usted da al tribunal para recibir instrucciones sobre el manejo de sus bienes y asuntos. Las instrucciones de un testamento se limitan a los bienes y asuntos bajo la jurisdicci\u00f3n del tribunal testamentario.<br \/>\nM\u00e1s informaci\u00f3n sobre \u00daltima voluntad y testamento.<\/p>\n<h2>Sucesiones<\/h2>\n<p>Cuando una persona fallece casi siempre deja tras de s\u00ed bienes y deudas. Cada legislatura estatal cre\u00f3 un proceso supervisado por un tribunal para transferir el t\u00edtulo de propiedad de una persona fallecida a sus herederos o beneficiarios en virtud de un testamento v\u00e1lido. Un tribunal supervisar\u00e1 la transferencia de los bienes de una persona fallecida tras el pago de sus deudas. Ese proceso supervisado por un tribunal se denomina legalizaci\u00f3n de un testamento.<br \/>\nM\u00e1s informaci\u00f3n sobre sucesiones.<\/p>\n<h2>Administraci\u00f3n fiduciaria<\/h2>\n<p>Un fideicomiso, o fideicomiso testamentario revocable, es una herramienta jur\u00eddica de uso com\u00fan para la planificaci\u00f3n del patrimonio. Los bienes muebles e inmuebles son propiedad del fideicomiso y de la persona que lo cre\u00f3. La persona responsable de gestionar esos activos tras el fallecimiento del creador del fideicomiso y, en \u00faltima instancia, de distribuir los activos a los beneficiarios, se denomina fideicomisario sucesor.<br \/>\n<a href=\"https:\/\/collier-law.com\/es\/trust-administration-salem-or\/\">M\u00e1s informaci\u00f3n sobre la administraci\u00f3n de fideicomisos<\/a>.<\/p>\n<h2>Tutelas y curatelas<\/h2>\n<p>La tutela es un m\u00e9todo para obtener la custodia legal o la autoridad para tomar decisiones sobre otra persona. Las personas recurren a la tutela por diferentes motivos. Un tutor tiene autoridad para tomar decisiones m\u00e9dicas y de vivienda, incluido el ingreso de un ser querido en un centro m\u00e9dico. Los padres militares que est\u00e1n desplegados tambi\u00e9n pueden requerir una tutela. Algunas de las tutelas m\u00e1s comunes son la tutela de menores y la tutela de adultos.<br \/>\n<a href=\"https:\/\/collier-law.com\/es\/guardianship-and-conservatorship-salem-or\/\">M\u00e1s informaci\u00f3n sobre tutela y curatela<\/a>.<\/p>\n<h2>Planificaci\u00f3n patrimonial avanzada<\/h2>\n<p>Un plan b\u00e1sico de sucesi\u00f3n es un conjunto de documentos que incluye un testamento, posiblemente un fideicomiso revocable en vida, y documentos auxiliares como un Poder Notarial Duradero, Directivas Anticipadas, Liberaci\u00f3n de HIPAA, y m\u00e1s. Estas herramientas legales ayudan a las personas y a las parejas a planificar y hacer frente a la enfermedad, la incapacidad y la muerte. Adem\u00e1s, estas herramientas jur\u00eddicas desempe\u00f1an un papel importante a la hora de reducir los impuestos sobre el patrimonio, facilitar la transici\u00f3n de una empresa y ayudar a los hijos menores.<br \/>\n<a href=\"https:\/\/collier-law.com\/es\/estate-planning-attorney-salem-or\/\">M\u00e1s informaci\u00f3n sobre planificaci\u00f3n patrimonial avanzada<\/a>.<\/p>","protected":false},"excerpt":{"rendered":"<p>Al servicio de los clientes en Salem y sus alrededores La planificaci\u00f3n patrimonial integral abarca casi todos los aspectos de la vida. Comienza con...<\/p>","protected":false},"author":4,"featured_media":0,"parent":0,"menu_order":0,"comment_status":"closed","ping_status":"closed","template":"","meta":{"_acf_changed":false,"footnotes":""},"class_list":["post-1241","page","type-page","status-publish","hentry"],"acf":[],"meta_description":"Collier Law can help with wills, trusts, powers of attorney, and other advanced estate planning techniques, schedule your free estate planning consult today!","meta_title":"","yoast_meta_title":"","yoast_meta_description":"","service_name":null,"service_description":null,"service_image":null,"schema_address":"","_links":{"self":[{"href":"https:\/\/collier-law.com\/es\/wp-json\/wp\/v2\/pages\/1241","targetHints":{"allow":["GET"]}}],"collection":[{"href":"https:\/\/collier-law.com\/es\/wp-json\/wp\/v2\/pages"}],"about":[{"href":"https:\/\/collier-law.com\/es\/wp-json\/wp\/v2\/types\/page"}],"author":[{"embeddable":true,"href":"https:\/\/collier-law.com\/es\/wp-json\/wp\/v2\/users\/4"}],"replies":[{"embeddable":true,"href":"https:\/\/collier-law.com\/es\/wp-json\/wp\/v2\/comments?post=1241"}],"version-history":[{"count":13,"href":"https:\/\/collier-law.com\/es\/wp-json\/wp\/v2\/pages\/1241\/revisions"}],"predecessor-version":[{"id":19139,"href":"https:\/\/collier-law.com\/es\/wp-json\/wp\/v2\/pages\/1241\/revisions\/19139"}],"wp:attachment":[{"href":"https:\/\/collier-law.com\/es\/wp-json\/wp\/v2\/media?parent=1241"}],"curies":[{"name":"wp","href":"https:\/\/api.w.org\/{rel}","templated":true}]}}