{"id":1264,"date":"2020-03-04T13:29:39","date_gmt":"2020-03-04T21:29:39","guid":{"rendered":"https:\/\/collier-law.com\/?page_id=1264"},"modified":"2025-10-10T15:13:25","modified_gmt":"2025-10-10T22:13:25","slug":"about-our-office","status":"publish","type":"page","link":"https:\/\/collier-law.com\/es\/about-our-office\/","title":{"rendered":"Collier Law Office &amp; Localizaci\u00f3n"},"content":{"rendered":"<h2>Bienvenido a nuestra oficina<\/h2>\n<p>Estamos situados al sur del centro de Salem, Oreg\u00f3n, en el coraz\u00f3n del valle de Willamette.<\/p>\n<p>Salem es la capital del estado y sede de muchos organismos estatales, galer\u00edas de arte, museos y vi\u00f1edos.<\/p>\n<p>Visite nuestra p\u00e1gina de Contacto para obtener m\u00e1s informaci\u00f3n sobre el aparcamiento y el mapa y las indicaciones para llegar desde su ubicaci\u00f3n a la nuestra.<\/p>\n<h2>Recepci\u00f3n y oficinas<\/h2>\n<h3>Artistas locales<\/h3>\n<p>Nuestra zona de recepci\u00f3n cuenta con artistas locales de Salem Daniel Ngand\u00a0<a rel=\"nofollow noopener noreferrer\" target=\"_blank\" href=\"https:\/\/www.aprilwaters.com\/\">Aguas de abril<\/a>\u00a0elegido con la ayuda del\u00a0<a rel=\"nofollow noopener noreferrer\" target=\"_blank\" href=\"https:\/\/salemart.org\/\">Asociaci\u00f3n de Arte de Salem<\/a>. Nos esforzamos por ofrecer un entorno acogedor y c\u00e1lido tanto a nuestros clientes como a nuestro personal.<\/p>\n<h3><img loading=\"lazy\" decoding=\"async\" class=\"alignleft size-full wp-image-1267\" height=\"200\" width=\"300\" alt=\"Collier Law Office &amp; Location\" src=\"https:\/\/collier-law.com\/wp-content\/uploads\/2020\/02\/OfficePhotos-workshops.jpg\" \/><\/h3>\n<h3>Sala de seminarios<\/h3>\n<p>Desde reuniones de negocios a clases informativas, nuestra Sala de Seminarios es el escenario perfecto para reuniones y eventos. Tanto si se trata de uno de nuestros talleres educativos gratuitos, como de una reuni\u00f3n de una junta directiva sin \u00e1nimo de lucro o de un acto de networking para profesionales locales, este espacio nos permite acoger a grupos grandes y peque\u00f1os. La sala alberga tres obras de arte de\u00a0<a rel=\"noopener noreferrer\" target=\"_blank\" href=\"https:\/\/www.aprilwaters.com\/\">Aguas de abril<\/a>conocidas como \"Tres aguas\". Las piezas presentan el r\u00edo Metolius, el desfiladero de Oneonta y las cataratas de Opal Creek.<\/p>\n<h3><img loading=\"lazy\" decoding=\"async\" class=\"alignleft size-full wp-image-1266\" height=\"200\" width=\"300\" alt=\"Collier Law Office &amp; Location\" src=\"https:\/\/collier-law.com\/wp-content\/uploads\/2020\/02\/OfficePhotos-conference.jpg\" \/><\/h3>\n<h3>Sala de conferencias<\/h3>\n<p>Nuestra sala de conferencias cuenta con obras de arte de artistas locales.\u00a0<a rel=\"nofollow noopener noreferrer\" target=\"_blank\" href=\"http:\/\/www.dalekurtz.com\/\">Dale Kurtz<\/a>\u00a0y muestra el r\u00edo Santiam y las monta\u00f1as Three Sisters y Broken Top.<\/p>\n<div class=\"clearfix\"><\/div>\n<h3>Adaptaciones ADA<\/h3>\n<p>Hemos instalado una entrada adaptada a la ley ADA (Americans with Disabilities Act) para facilitar el acceso a nuestra oficina. Nuestras salas de reuniones y aseos tambi\u00e9n cumplen la normativa ADA.<br \/>\n<img loading=\"lazy\" decoding=\"async\" class=\"aligncenter size-full wp-image-1265\" height=\"207\" width=\"550\" alt=\"Collier Law Office &amp; Location\" src=\"https:\/\/collier-law.com\/wp-content\/uploads\/2020\/02\/OfficePhotos-ada.jpg\" srcset=\"https:\/\/collier-law.com\/wp-content\/uploads\/2020\/02\/OfficePhotos-ada.jpg 550w, https:\/\/collier-law.com\/wp-content\/uploads\/2020\/02\/OfficePhotos-ada-350x132.jpg 350w\" sizes=\"auto, (max-width: 550px) 100vw, 550px\" \/><br \/>\n<img loading=\"lazy\" decoding=\"async\" class=\"size-full wp-image-1269 alignleft\" height=\"150\" width=\"150\" alt=\"Collier Law Office &amp; Location\" src=\"https:\/\/collier-law.com\/wp-content\/uploads\/2020\/02\/OfficePhotos-green.png\" srcset=\"https:\/\/collier-law.com\/wp-content\/uploads\/2020\/02\/OfficePhotos-green.png 150w, https:\/\/collier-law.com\/wp-content\/uploads\/2020\/02\/OfficePhotos-green-75x75.png 75w\" sizes=\"auto, (max-width: 150px) 100vw, 150px\" \/><\/p>\n<h3>Certificaciones ecol\u00f3gicas<\/h3>\n<p>Nuestro edificio cuenta con la \"certificaci\u00f3n verde\" de los Servicios Medioambientales del Condado de Marion. Nuestro compromiso con el medio ambiente se document\u00f3 recientemente en un\u00a0<a rel=\"noopener noreferrer\" target=\"_blank\" href=\"https:\/\/www.statesmanjournal.com\/story\/money\/business\/2014\/06\/01\/collier-law-firm-environmental-commitments\/9774003\/\">Art\u00edculo del peri\u00f3dico Statesman Journal<\/a>. Como empresa certificada por EarthWise, ofrecemos contenedores de reciclaje para papel, botellas, latas y mucho m\u00e1s. Usamos pilas recargables, ofrecemos vasos lavables, conservamos el agua, utilizamos un contenedor de compost y utilizamos bombillas fluorescentes compactas en nuestro edificio que funcionan con sensores de movimiento.<\/p>\n<p><center><\/center><\/p>\n<h3>Disponemos de dos ubicaciones para atenderle.<\/h3>\n<p>Oregon Estate &amp; Elder Law es una empresa hermana de Collier Law. Tenga en cuenta que algunas llamadas telef\u00f3nicas y correos electr\u00f3nicos pueden ser contestados por nuestro equipo en esta ubicaci\u00f3n. Esperamos tener noticias suyas.<\/p>\n<div class=\"ews_grid wgaps\"><div class=\"cbox\" \"><h4>Ley Collier<\/h4><ul><li class=\"cboxaddress\"><i class=\"fas fa-map-marker-alt\"><\/i><span>1020 Liberty St SE <br>Salem OR 97302<\/span><\/li><li class=\"cboxphone\"><i class=\"fas fa-phone-alt\"><\/i><span><a class=\"cbox-phone-click\" href=\"tel:(503)485-7224\">(503) 485-7224<\/a><\/span><\/li><li class=\"cboxwww\"><i class=\"fas fa-link\"><\/i><span><a href=\"https:\/\/collier-law.com\/es\/\" title=\"Testamentos de Collier Law\">https:\/\/collier-law.com\/es\/<\/a><\/span><\/li><\/ul><\/div> <img loading=\"lazy\" decoding=\"async\" src=\"https:\/\/collier-law.com\/wp-content\/uploads\/2020\/05\/OfficePhotos-1.jpg\" alt=\"Officephotos 1\" width=\"480\" height=\"318\" class=\"aligncenter size-full wp-image-2149\" srcset=\"https:\/\/collier-law.com\/wp-content\/uploads\/2020\/05\/OfficePhotos-1.jpg 480w, https:\/\/collier-law.com\/wp-content\/uploads\/2020\/05\/OfficePhotos-1-350x232.jpg 350w\" sizes=\"auto, (max-width: 480px) 100vw, 480px\" \/><\/div>\n<div class=\"map-scode\"><iframe loading=\"lazy\" src=\"https:\/\/www.google.com\/maps\/embed?pb=!1m18!1m12!1m3!1d2824.6279681719784!2d-123.0443400484736!3d44.93090067678651!2m3!1f0!2f0!3f0!3m2!1i1024!2i768!4f13.1!3m3!1m2!1s0x54bfff685fb02ec7%3A0x933c8340c05e0642!2sCollier%20Law!5e0!3m2!1sen!2sus!4v1590171195695!5m2!1sen!2sus\" width=\"99%\" height=\"250\" frameborder=\"0\" style=\"border:0;\" allowfullscreen=\"\" aria-hidden=\"false\" tabindex=\"0\"><\/iframe><\/div>\n<div class=\"oeel-contact\"><img loading=\"lazy\" decoding=\"async\" src=\"https:\/\/collier-law.com\/wp-content\/uploads\/2020\/06\/lakeoswego-contact-map2.jpg\" alt=\"Lakeoswego Contact Map2\" width=\"999\" height=\"590\" class=\"alignnone size-full wp-image-2240\" srcset=\"https:\/\/collier-law.com\/wp-content\/uploads\/2020\/06\/lakeoswego-contact-map2.jpg 999w, https:\/\/collier-law.com\/wp-content\/uploads\/2020\/06\/lakeoswego-contact-map2-350x207.jpg 350w, https:\/\/collier-law.com\/wp-content\/uploads\/2020\/06\/lakeoswego-contact-map2-768x454.jpg 768w\" sizes=\"auto, (max-width: 999px) 100vw, 999px\" \/><\/div>","protected":false},"excerpt":{"rendered":"<p>Bienvenido a Nuestra Oficina Estamos ubicados justo al sur del centro de Salem, Oregon, en el coraz\u00f3n del Valle de Willamette....<\/p>","protected":false},"author":4,"featured_media":0,"parent":0,"menu_order":0,"comment_status":"closed","ping_status":"closed","template":"","meta":{"_acf_changed":false,"footnotes":""},"class_list":["post-1264","page","type-page","status-publish","hentry"],"acf":[],"meta_description":"Collier Law can help with wills, trusts, powers of attorney, and other advanced estate planning techniques, schedule your free estate planning consult today!","meta_title":"","yoast_meta_title":"","yoast_meta_description":"","service_name":null,"service_description":null,"service_image":null,"schema_address":"","_links":{"self":[{"href":"https:\/\/collier-law.com\/es\/wp-json\/wp\/v2\/pages\/1264","targetHints":{"allow":["GET"]}}],"collection":[{"href":"https:\/\/collier-law.com\/es\/wp-json\/wp\/v2\/pages"}],"about":[{"href":"https:\/\/collier-law.com\/es\/wp-json\/wp\/v2\/types\/page"}],"author":[{"embeddable":true,"href":"https:\/\/collier-law.com\/es\/wp-json\/wp\/v2\/users\/4"}],"replies":[{"embeddable":true,"href":"https:\/\/collier-law.com\/es\/wp-json\/wp\/v2\/comments?post=1264"}],"version-history":[{"count":26,"href":"https:\/\/collier-law.com\/es\/wp-json\/wp\/v2\/pages\/1264\/revisions"}],"predecessor-version":[{"id":19382,"href":"https:\/\/collier-law.com\/es\/wp-json\/wp\/v2\/pages\/1264\/revisions\/19382"}],"wp:attachment":[{"href":"https:\/\/collier-law.com\/es\/wp-json\/wp\/v2\/media?parent=1264"}],"curies":[{"name":"wp","href":"https:\/\/api.w.org\/{rel}","templated":true}]}}