{"id":1273,"date":"2020-03-04T13:08:35","date_gmt":"2020-03-04T21:08:35","guid":{"rendered":"https:\/\/collier-law.com\/?page_id=1273"},"modified":"2026-02-13T10:11:24","modified_gmt":"2026-02-13T18:11:24","slug":"aboutus-ryan-collier","status":"publish","type":"page","link":"https:\/\/collier-law.com\/es\/aboutus-ryan-collier\/","title":{"rendered":"Acerca de Ryan W. Collier"},"content":{"rendered":"<h2 class=\"wp-block-heading\">Al servicio de los clientes en Salem y sus alrededores<\/h2>\n\n\n\n<hr class=\"wp-block-separator has-alpha-channel-opacity\"\/>\n\n\n\n<h2 class=\"wp-block-heading\">Abogado de planificaci\u00f3n patrimonial de Oreg\u00f3n<\/h2>\n\n\n\n<div class=\"employee-card\"><img loading=\"lazy\" decoding=\"async\" class=\"alignnone size-full wp-image-1274\" height=\"310\" width=\"325\" alt=\"ryan-w-collier\" src=\"https:\/\/collier-law.com\/wp-content\/uploads\/2026\/02\/HW706332.jpg\">\n<h3>Ryan W. Collier<\/h3>\n<h4>Abogado<\/h4>\n<p><a href=\"tel:+5034857224\">(503) 485-7224<\/a><\/p>\n<\/div>\n\n\n\n<p>Ryan es un abogado de planificaci\u00f3n patrimonial y sucesiones en Salem, Oregon. Tiene licencia para ejercer tanto en Washington como en Oreg\u00f3n. Su pr\u00e1ctica se centra en asesorar a los clientes sobre planificaci\u00f3n patrimonial, administraci\u00f3n de sucesiones y fideicomisos, y responsabilidad fiduciaria. La amplia experiencia de Ryan en planificaci\u00f3n financiera es de gran valor para las necesidades de planificaci\u00f3n patrimonial de sus clientes.<\/p>\n\n\n\n<p>Sus clientes buscan minimizar los posibles impuestos sobre el patrimonio y transmitir el m\u00e1ximo valor de sus herencias a sus hijos y nietos. Los clientes de Ryan reciben el beneficio de su amplio conocimiento legal, privacidad y seguridad. Abogados y jueces locales clasificaron a Ryan excepcionalmente alto, resultando en una calificaci\u00f3n AV Preeminent\u2122 por su conocimiento y experiencia en fideicomisos y sucesiones, pr\u00e1ctica general, y testamentos y sucesiones - la calificaci\u00f3n m\u00e1s alta dada por Martindale-Hubbell. La revista Super Lawyers otorg\u00f3 a Ryan el Oregon Rising Star en 2010 y 2011, honor que se concede a menos del cinco por ciento de los abogados de Oreg\u00f3n.<\/p>\n\n\n\n<p>Ryan es un \u00e1vido voluntario y defensor de la comunidad de Salem. En 2010, el Statesman Journal Media seleccion\u00f3 a Ryan como uno de los \"20 mejores menores de 40 a\u00f1os\". Este premio anual se concede a personas que marcan la diferencia en la comunidad de Salem. Ryan tambi\u00e9n fue reconocido por la C\u00e1mara de Comercio de la zona de Salem como Joven Profesional Destacado en 2009. Ha formado parte durante m\u00e1s de 11 a\u00f1os de la junta directiva de la Salem Leadership Foundation, una organizaci\u00f3n religiosa que re\u00fane a personas de fe y de buena voluntad para hacer de Salem la mejor comunidad de Oreg\u00f3n. Durante cinco de esos a\u00f1os, fue su presidente. Ryan se gradu\u00f3 en 2006 en Leadership Salem por la C\u00e1mara de Comercio de Salem. Preside el Consejo de la Salem Foundation, una fundaci\u00f3n ben\u00e9fica comunitaria que concede subvenciones a organizaciones sin \u00e1nimo de lucro de la zona. Tambi\u00e9n es voluntario como l\u00edder de los grupos de Boy Scouts de sus hijos y forma parte de la Junta Consultiva del Consejo Cascade Pacific de Boy Scouts of America. Los Boy Scouts han concedido a Ryan el Premio al M\u00e9rito del Distrito por su extraordinario servicio a la juventud. Ryan disfruta del tiempo que pasa con su mujer, Holly, y sus tres hijos adolescentes. Le encanta la naturaleza y aprecia las numerosas y maravillosas asociaciones que hacen que la comunidad de Salem sea fuerte y vibrante.<\/p>\n\n\n\n<h3 class=\"wp-block-heading\">Educaci\u00f3n y Admisiones<\/h3>\n\n\n\n<ul class=\"wp-block-list\">\n<li>Tribunal de distrito de EE.UU., Oreg\u00f3n, 2000<\/li>\n\n\n\n<li>Tribunal de distrito de EE.UU., Washington occidental, 1999<\/li>\n\n\n\n<li>Colegio de Abogados del Estado de Washington, 1998<\/li>\n\n\n\n<li>Colegio de Abogados del Estado de Oreg\u00f3n, 1997<\/li>\n\n\n\n<li>Facultad de Derecho de la Universidad Willamette, Salem, Oreg\u00f3n, JD, 1997<\/li>\n\n\n\n<li>Universidad de Puget Sound, licenciatura, doble especializaci\u00f3n: Comunicaci\u00f3n y Gobierno, 1993<\/li>\n<\/ul>\n\n\n\n<h3 class=\"wp-block-heading\">Servicio comunitario<\/h3>\n\n\n\n<ul class=\"wp-block-list\">\n<li>Profesor adjunto de Derecho, Facultad de Derecho de la Universidad Willamette, \"Redacci\u00f3n de testamentos y fideicomisos\", 2011 hasta la actualidad<\/li>\n\n\n\n<li>Boy Scouts of America, Tropa 19, Ayudante de Jefe de Tropa, 2009 hasta la fecha<\/li>\n\n\n\n<li>C\u00e1mara de Comercio del \u00c1rea de Salem, Consejo de Liderazgo Ejecutivo, 2008 hasta la actualidad<\/li>\n\n\n\n<li>Boy Scouts of America, Miembro del Consejo, Cascade Pacific Council, 2006-presente<\/li>\n\n\n\n<li>Presidente del Comit\u00e9 de Distribuci\u00f3n de la Salem Foundation (organizaci\u00f3n ben\u00e9fica), 2004-2014<\/li>\n\n\n\n<li>Presidente, Salem Leadership Foundation 2004-2008, 2011-2012; miembro del Consejo, 2000 hasta la actualidad<\/li>\n\n\n\n<li>C\u00e1mara de Comercio de la zona de Salem, Leadership Salem, promoci\u00f3n 2004-2006<\/li>\n\n\n\n<li>Presidente, Colegio de Abogados del Condado de Marion 2008; Miembro de la Junta, 2003-2009<\/li>\n\n\n\n<li>Copresidenta de la Campa\u00f1a por la Igualdad de Justicia (condados de Marion-Polk), 2003-2005<\/li>\n\n\n\n<li>Miembro del Consejo de Planificaci\u00f3n Patrimonial del Valle de Willamette, 2003-2006<\/li>\n\n\n\n<li>Boy Scouts of America, Pack 122, Cub Master 2003-2005; Den Leader, 2001-2005<\/li>\n\n\n\n<li>Consejero general, A.C. Gilbert's Discovery Village, 2001-2008<\/li>\n\n\n\n<li>Mentor, Willamette University College of Law Mentor Program, 1997 hasta la actualidad<\/li>\n<\/ul>","protected":false},"excerpt":{"rendered":"<p>Sirviendo a clientes en Salem y sus alrededores Oregon Estate Planning Attorney Ryan W. Collier Attorney (503) 485-7224 Ryan es...<\/p>","protected":false},"author":4,"featured_media":0,"parent":0,"menu_order":0,"comment_status":"closed","ping_status":"closed","template":"","meta":{"_acf_changed":false,"footnotes":""},"class_list":["post-1273","page","type-page","status-publish","hentry"],"acf":[],"meta_description":"Meet Ryan Collier, founder of Collier Law in Salem, Oregon. With decades of experience in estate planning, probate, and elder law.","meta_title":"","yoast_meta_title":"","yoast_meta_description":"","service_name":null,"service_description":null,"service_image":null,"schema_address":"","_links":{"self":[{"href":"https:\/\/collier-law.com\/es\/wp-json\/wp\/v2\/pages\/1273","targetHints":{"allow":["GET"]}}],"collection":[{"href":"https:\/\/collier-law.com\/es\/wp-json\/wp\/v2\/pages"}],"about":[{"href":"https:\/\/collier-law.com\/es\/wp-json\/wp\/v2\/types\/page"}],"author":[{"embeddable":true,"href":"https:\/\/collier-law.com\/es\/wp-json\/wp\/v2\/users\/4"}],"replies":[{"embeddable":true,"href":"https:\/\/collier-law.com\/es\/wp-json\/wp\/v2\/comments?post=1273"}],"version-history":[{"count":11,"href":"https:\/\/collier-law.com\/es\/wp-json\/wp\/v2\/pages\/1273\/revisions"}],"predecessor-version":[{"id":19583,"href":"https:\/\/collier-law.com\/es\/wp-json\/wp\/v2\/pages\/1273\/revisions\/19583"}],"wp:attachment":[{"href":"https:\/\/collier-law.com\/es\/wp-json\/wp\/v2\/media?parent=1273"}],"curies":[{"name":"wp","href":"https:\/\/api.w.org\/{rel}","templated":true}]}}