{"id":1285,"date":"2020-03-04T13:35:09","date_gmt":"2020-03-04T21:35:09","guid":{"rendered":"https:\/\/collier-law.com\/?page_id=1285"},"modified":"2025-10-10T15:13:27","modified_gmt":"2025-10-10T22:13:27","slug":"estate-planning-faq","status":"publish","type":"page","link":"https:\/\/collier-law.com\/es\/estate-planning-faq\/","title":{"rendered":"Preguntas frecuentes sobre la planificaci\u00f3n patrimonial en Oreg\u00f3n"},"content":{"rendered":"<p>Para su comodidad, hemos proporcionado respuestas a las preguntas m\u00e1s frecuentes sobre planificaci\u00f3n patrimonial, tutelas, curatelas, sucesiones, testamentos, fideicomisos y administraci\u00f3n de fideicomisos.<\/p>\n<hr \/>\n<h2>\u00bfQu\u00e9 es un documento de voluntades anticipadas?<\/h2>\n<p>Oreg\u00f3n adopt\u00f3 una Directiva Anticipada de Cuidados Sanitarios (Advance Directive for Health Care, ADHC). El estatuto proporciona un documento formulario que permite a un mandante tomar decisiones relativas tanto a los cuidados al final de la vida como a cuestiones de soporte vital, y crear un poder b\u00e1sico para cuestiones de atenci\u00f3n sanitaria. En virtud del ADHC, un representante designado para la atenci\u00f3n sanitaria tiene autoridad sobre toda la atenci\u00f3n sanitaria del mandante que \u00e9ste tendr\u00eda si estuviera incapacitado.<\/p>\n<h2>\u00bfQu\u00e9 se necesita para que un documento de voluntades anticipadas sea v\u00e1lido?<\/h2>\n<p>El ADHC exige dos testigos. El representante para la atenci\u00f3n sanitaria, el representante suplente y el m\u00e9dico que atiende al paciente no pueden actuar como testigos. El representante para la atenci\u00f3n sanitaria y el representante suplente firman el formulario comprometi\u00e9ndose a aceptar el nombramiento. El mandante puede revocar la ADHC o una decisi\u00f3n de asistencia sanitaria concreta, por escrito o de otro modo.<\/p>\n<h2>\u00bfCu\u00e1les son las limitaciones de un documento de voluntades anticipadas?<\/h2>\n<p>El representante para la atenci\u00f3n sanitaria tiene autoridad para tomar decisiones sobre atenci\u00f3n sanitaria cuando el m\u00e9dico que atiende al representado (o un tribunal) determina que \u00e9ste no puede tomar y comunicar decisiones sobre atenci\u00f3n sanitaria. El ADHC no otorga ninguna autoridad en relaci\u00f3n con el tratamiento de salud mental, el tratamiento convulsivo, la psicocirug\u00eda, la esterilizaci\u00f3n y el aborto. El representante para la atenci\u00f3n sanitaria tampoco tiene autoridad sobre los procedimientos de mantenimiento de la vida a menos que se le conceda espec\u00edficamente en el formulario. La autoridad tambi\u00e9n excluye probablemente cuestiones relacionadas con la donaci\u00f3n de \u00f3rganos, la autopsia y los tratamientos experimentales. Es posible que se necesiten documentos adicionales para estas situaciones. El ADHC es una herramienta \u00fatil para hablar sobre los cuidados al final de la vida. Anima a la persona y a sus responsables de confianza a debatir cuestiones que suelen ser dif\u00edciles, como la muerte y el morir.<\/p>\n<h2>\u00bfQu\u00e9 es un poder notarial duradero?<\/h2>\n<p>El Poder Notarial Duradero (DPA) es un documento legal que otorga autoridad a un agente para actuar en su nombre en una variedad de asuntos, incluyendo asuntos financieros, administraci\u00f3n de propiedades y beneficios gubernamentales. Un DPA es una herramienta valiosa para ayudar a una persona durante su discapacidad, pero puede ser peligroso en las manos equivocadas. Por un lado, un APD permite a una persona delegar en otra el poder de gestionar sus asuntos independientemente de la discapacidad o incapacidad del poderdante. Este poder es muy personal e individual. Saber que las operaciones diarias pueden gestionarse en caso de discapacidad o incapacidad puede ser una gran fuente de consuelo y alivio para un cliente. Por otro lado, otorgar a alguien el control total sobre su vida diaria crea un riesgo significativo de abuso. Es importante tener cuidado al otorgar un poder a un agente.<\/p>\n<h2>\u00bfCu\u00e1les son algunos aspectos importantes de un poder notarial duradero?<\/h2>\n<p>Al preparar un APD, el cliente debe tener en cuenta las capacidades del agente propuesto, el nivel de confianza entre el mandante y el agente, y las circunstancias que desencadenan el uso del APD. El cliente debe decidir si el APD entra en vigor inmediatamente o en caso de incapacidad, si concede autoridad para hacer donaciones y si el APD limita la autoridad del agente en el tiempo o en su alcance. Las respuestas a estas preguntas depender\u00e1n de las circunstancias de cada cliente.<\/p>\n<p>Adem\u00e1s de considerar la fecha de entrada en vigor, los poderes de donaci\u00f3n y el alcance del APD, el cliente debe tener en cuenta dos estatutos que afectan a su uso. En primer lugar, un APD no se revoca en el momento del fallecimiento, sino en el momento en que el fallecimiento del representado llega a conocimiento del agente o de un tercero. Si usted act\u00faa en virtud de un APD, en cuanto tenga conocimiento de que una persona ha fallecido ya no podr\u00e1 actuar en virtud del APD. Cualquier tercero que no haya recibido notificaci\u00f3n efectiva de la revocaci\u00f3n de un poder o del fallecimiento del poderdante no es responsable de las acciones realizadas en virtud del poder.<\/p>\n<p>En segundo lugar, una persona no puede negarse a cumplir un poder bas\u00e1ndose en el paso del tiempo desde que se otorg\u00f3. En nuestra pr\u00e1ctica, tratamos ocasionalmente con instituciones financieras que se niegan a cumplir un APD v\u00e1lido que tiene m\u00e1s de dos a\u00f1os. Una referencia a la ley suele resolver la cuesti\u00f3n.<\/p>","protected":false},"excerpt":{"rendered":"<p>Para su comodidad, hemos proporcionado respuestas a las preguntas m\u00e1s frecuentes sobre planificaci\u00f3n patrimonial, tutelas, curatelas, sucesiones, testamentos, fideicomisos y...<\/p>","protected":false},"author":4,"featured_media":0,"parent":0,"menu_order":0,"comment_status":"closed","ping_status":"closed","template":"","meta":{"_acf_changed":false,"footnotes":""},"class_list":["post-1285","page","type-page","status-publish","hentry"],"acf":[],"meta_description":"Collier Law can help with wills, trusts, powers of attorney, and other advanced estate planning techniques, schedule your free estate planning consult today!","meta_title":"","yoast_meta_title":"","yoast_meta_description":"","service_name":null,"service_description":null,"service_image":null,"schema_address":"","_links":{"self":[{"href":"https:\/\/collier-law.com\/es\/wp-json\/wp\/v2\/pages\/1285","targetHints":{"allow":["GET"]}}],"collection":[{"href":"https:\/\/collier-law.com\/es\/wp-json\/wp\/v2\/pages"}],"about":[{"href":"https:\/\/collier-law.com\/es\/wp-json\/wp\/v2\/types\/page"}],"author":[{"embeddable":true,"href":"https:\/\/collier-law.com\/es\/wp-json\/wp\/v2\/users\/4"}],"replies":[{"embeddable":true,"href":"https:\/\/collier-law.com\/es\/wp-json\/wp\/v2\/comments?post=1285"}],"version-history":[{"count":7,"href":"https:\/\/collier-law.com\/es\/wp-json\/wp\/v2\/pages\/1285\/revisions"}],"predecessor-version":[{"id":2083,"href":"https:\/\/collier-law.com\/es\/wp-json\/wp\/v2\/pages\/1285\/revisions\/2083"}],"wp:attachment":[{"href":"https:\/\/collier-law.com\/es\/wp-json\/wp\/v2\/media?parent=1285"}],"curies":[{"name":"wp","href":"https:\/\/api.w.org\/{rel}","templated":true}]}}