{"id":1291,"date":"2020-03-04T14:03:16","date_gmt":"2020-03-04T22:03:16","guid":{"rendered":"https:\/\/collier-law.com\/?page_id=1291"},"modified":"2025-10-10T15:13:28","modified_gmt":"2025-10-10T22:13:28","slug":"estate-planning-consult","status":"publish","type":"page","link":"https:\/\/collier-law.com\/es\/estate-planning-consult\/","title":{"rendered":"El proceso de planificaci\u00f3n patrimonial en Oreg\u00f3n"},"content":{"rendered":"<h2>Empezar a planificar<\/h2>\n<h3>1. Personas y organizaciones importantes en su vida<\/h3>\n<p>Piense en las personas a las que podr\u00eda incluir en su planificaci\u00f3n en funciones como la toma de decisiones m\u00e9dicas o financieras. \u00bfAd\u00f3nde quiere que vayan a parar sus bienes cuando fallezca? Piense en personas de reserva si su primera opci\u00f3n no estuviera disponible.<\/p>\n<p><strong><u>Familia y amigos:<\/u><\/strong> \u00bfQui\u00e9nes son sus seres queridos? Esto incluye c\u00f3nyuges, hijos, nietos, padres, hermanos y otros parientes o amigos. \u00bfHay otras personas en tu vida de las que te gustar\u00eda asegurarte de que se ocupan de ti o piensan en ti?<\/p>\n<p><strong><u>Mascotas:<\/u><\/strong> No se olvide de sus mascotas. Para muchos, las mascotas son como de la familia. Como dependen de ti para su cuidado, es importante que tambi\u00e9n hagas un plan para ellos.<\/p>\n<p><strong><u>Organizaciones:<\/u><\/strong> \u00bfParticipa en alguna iglesia, organizaci\u00f3n ben\u00e9fica, causa especial o escuela (colegio o universidad)? Puede hacer un regalo a su fallecimiento a un grupo o causa con la que est\u00e9 comprometido. Incluso una peque\u00f1a donaci\u00f3n puede tener un gran impacto.<\/p>\n<h3>2. Activos<\/h3>\n<p>No es necesario que tenga los valores exactos de sus activos, pero una estimaci\u00f3n de su valor es \u00fatil. Haga una lista de los bienes que posee por s\u00ed mismo, conjuntamente con otros, a trav\u00e9s de un fideicomiso o de alg\u00fan otro acuerdo. \u00bfPosee lo siguiente?<br \/>\n<div class=\"one_half\"><\/p>\n<ul class=\"list_check\">\n<li>Inmobiliario<\/li>\n<\/ul>\n<ul class=\"list_check\">\n<li>Acciones<\/li>\n<\/ul>\n<ul class=\"list_check\">\n<li>Bonos<\/li>\n<\/ul>\n<ul class=\"list_check\">\n<li>Seguro de vida (prestaci\u00f3n por fallecimiento)<\/li>\n<\/ul>\n<ul class=\"list_check\">\n<li>Intereses comerciales<\/li>\n<\/ul>\n<p><\/div><\/p>\n<div class=\"one_half\"><\/p>\n<ul class=\"list_check\">\n<li>Efectivo<\/li>\n<\/ul>\n<ul class=\"list_check\">\n<li>Cuentas de jubilaci\u00f3n<\/li>\n<\/ul>\n<ul class=\"list_check\">\n<li>Veh\u00edculos<\/li>\n<\/ul>\n<ul class=\"list_check\">\n<li>Bienes personales<\/li>\n<\/ul>\n<ul class=\"list_check\">\n<li>Herencia esperada<\/li>\n<\/ul>\n<p><\/div>\n<h3>3. Su hoja de ruta<\/h3>\n<p>El \u00faltimo paso para empezar a planificar es pensar en tu incapacidad o fallecimiento. \u00bfQui\u00e9n imagina que intervendr\u00e1 para ayudarle en ese momento? \u00bfHay alguien a quien quiera impedir que participe?<\/p>\n<p><strong><u>Incapacidad:<\/u><\/strong> Si est\u00e1 incapacitado y no puede ocuparse de sus actividades cotidianas, \u00bfqui\u00e9n le gustar\u00eda que se encargara de lo siguiente?<\/p>\n<p>Decisiones m\u00e9dicas<br \/>\nCuidado de sus hijos menores<br \/>\nCapacidad para hablar con sus m\u00e9dicos<\/p>\n<p>Decisiones financieras<br \/>\nCuide a sus mascotas<\/p>\n<p><strong><u>Muerte:<\/u><\/strong> En caso de fallecimiento, \u00bfc\u00f3mo le gustar\u00eda que su plan se ocupara de lo siguiente?<br \/>\n<div class=\"one_half\"><\/p>\n<ul class=\"list_check\">\n<li>Arreglos funerarios<\/li>\n<\/ul>\n<ul class=\"list_check\">\n<li>Protecci\u00f3n de activos<\/li>\n<\/ul>\n<ul class=\"list_check\">\n<li>Evitar la sucesi\u00f3n<\/li>\n<\/ul>\n<ul class=\"list_check\">\n<li>Apoyar a los seres queridos que luchan contra la adicci\u00f3n<\/li>\n<\/ul>\n<p><\/div><\/p>\n<div class=\"one_half\"><\/p>\n<ul class=\"list_check\">\n<li>Distribuya sus activos<\/li>\n<\/ul>\n<ul class=\"list_check\">\n<li>Donaciones ben\u00e9ficas<\/li>\n<\/ul>\n<ul class=\"list_check\">\n<li>Minimizar los impuestos sobre el patrimonio<\/li>\n<\/ul>\n<ul class=\"list_check\">\n<li>Proteger a los ni\u00f1os<\/li>\n<\/ul>\n<p><\/div>\n<h2>Iniciemos el debate<\/h2>\n<p>Cuando est\u00e9 listo para programar su<span>\u00a0<\/span><a href=\"https:\/\/collier-law.com\/es\/estate-planning-consult-form\/\">consulta inicial gratuita<\/a>Llame al <a href=\"tel:+5034857224\">(503) 485-7224<\/a> o complete el<span>\u00a0<\/span><a href=\"https:\/\/collier-law.com\/es\/estate-planning-consult-form\/\">Solicitar una consulta<\/a><span>\u00a0<\/span>y le llamaremos para concertar una cita.<\/p>\n<h4>Formularios de admisi\u00f3n de clientes<\/h4>\n<ul>\n<li><a href=\"https:\/\/collier-law.com\/wp-content\/uploads\/2020\/09\/1599687990-EPInitialQuestionnaireFillable2020.pdf\">Cuestionario de planificaci\u00f3n patrimonial<\/a><\/li>\n<li><a href=\"https:\/\/collier-law.com\/wp-content\/uploads\/2020\/09\/EPAssetQuestionnaire-Single.pdf\">Cuestionario de planificaci\u00f3n patrimonial - Individual<\/a><\/li>\n<li><a href=\"https:\/\/collier-law.com\/wp-content\/uploads\/2020\/09\/EPAssetQuestionnaire-CouplesDEFAULTONETOUSE.pdf\">Cuestionario de planificaci\u00f3n patrimonial - Casado<\/a><\/li>\n<li><a href=\"https:\/\/collier-law.com\/wp-content\/uploads\/2020\/09\/ProbateIntakeForm.pdf\">Cuestionario sucesorio<\/a><\/li>\n<li><a href=\"https:\/\/collier-law.com\/wp-content\/uploads\/2020\/09\/TAIntakeForm.pdf\">Cuestionario de liquidaci\u00f3n de fideicomisos<\/a><\/li>\n<\/ul>","protected":false},"excerpt":{"rendered":"<p>Empezar a planificar 1. Personas y organizaciones importantes en su vida Piense en las personas que podr\u00eda incluir...<\/p>","protected":false},"author":4,"featured_media":0,"parent":0,"menu_order":0,"comment_status":"closed","ping_status":"closed","template":"","meta":{"_acf_changed":false,"footnotes":""},"class_list":["post-1291","page","type-page","status-publish","hentry"],"acf":[],"meta_description":"Collier Law can help with wills, trusts, powers of attorney, and other advanced estate planning techniques, schedule your free estate planning consult today!","meta_title":"","yoast_meta_title":"","yoast_meta_description":"","service_name":null,"service_description":null,"service_image":null,"schema_address":"","_links":{"self":[{"href":"https:\/\/collier-law.com\/es\/wp-json\/wp\/v2\/pages\/1291","targetHints":{"allow":["GET"]}}],"collection":[{"href":"https:\/\/collier-law.com\/es\/wp-json\/wp\/v2\/pages"}],"about":[{"href":"https:\/\/collier-law.com\/es\/wp-json\/wp\/v2\/types\/page"}],"author":[{"embeddable":true,"href":"https:\/\/collier-law.com\/es\/wp-json\/wp\/v2\/users\/4"}],"replies":[{"embeddable":true,"href":"https:\/\/collier-law.com\/es\/wp-json\/wp\/v2\/comments?post=1291"}],"version-history":[{"count":11,"href":"https:\/\/collier-law.com\/es\/wp-json\/wp\/v2\/pages\/1291\/revisions"}],"predecessor-version":[{"id":2197,"href":"https:\/\/collier-law.com\/es\/wp-json\/wp\/v2\/pages\/1291\/revisions\/2197"}],"wp:attachment":[{"href":"https:\/\/collier-law.com\/es\/wp-json\/wp\/v2\/media?parent=1291"}],"curies":[{"name":"wp","href":"https:\/\/api.w.org\/{rel}","templated":true}]}}