{"id":1293,"date":"2020-03-04T13:31:35","date_gmt":"2020-03-04T21:31:35","guid":{"rendered":"https:\/\/collier-law.com\/?page_id=1293"},"modified":"2025-10-10T15:13:25","modified_gmt":"2025-10-10T22:13:25","slug":"directions-to-our-salem-oregon-estate-planning-law-office","status":"publish","type":"page","link":"https:\/\/collier-law.com\/es\/directions-to-our-salem-oregon-estate-planning-law-office\/","title":{"rendered":"Indicaciones para llegar a nuestra oficina de planificaci\u00f3n patrimonial en Salem, Oregon"},"content":{"rendered":"<h2>Ley Collier<\/h2>\n<p><strong>Direcci\u00f3n:<\/strong>\u00a0<a rel=\"noopener noreferrer\" target=\"_blank\" href=\"https:\/\/goo.gl\/maps\/Y7L4aP4A56N2\">1020 Liberty Street SE, Salem, OR 97302<\/a><br \/>\n<strong>Tel\u00e9fono:<\/strong>\u00a0<a href=\"tel:+5034857224\">(503) 485-7224<\/a><\/p>\n<p>Los abogados de Collier Law se enorgullecen de nuestro sincero deseo de comprender sus necesidades y las de su familia y de ofrecer soluciones viables.<\/p>\n<p>Nuestro bufete de abogados est\u00e1 convenientemente situado en el coraz\u00f3n del centro de Salem, a pocos minutos de la autopista I-5.<\/p>\n<p>Para programar una consulta inicial con los abogados de nuestro experimentado equipo legal, ll\u00e1menos. Tambi\u00e9n puede ponerse en contacto con nosotros a trav\u00e9s del formulario de la derecha. Por favor, vea nuestro descargo de responsabilidad antes de enviarnos su mensaje.<\/p>\n<p><strong>Amplio aparcamiento:<\/strong>\u00a0Disponemos de un aparcamiento privado para nuestro personal y nuestros clientes con capacidad para 31 veh\u00edculos, con plazas reservadas para personas con discapacidad y una entrada adaptada a la ADA. Nuestros clientes no tienen que luchar con el aparcamiento en la calle o parqu\u00edmetros. Nuestra oficina se encuentra justo despu\u00e9s de la intersecci\u00f3n de las calles Liberty y Owens, justo al sur de la calle Mission. Al viajar en direcci\u00f3n norte por Liberty hacia el centro de Salem, ver\u00e1 nuestra oficina a la derecha.<\/p>","protected":false},"excerpt":{"rendered":"<p>Collier Law Direcci\u00f3n: 1020 Liberty Street SE, Salem, OR 97302 Tel\u00e9fono: (503) 485-7224 Los abogados de Collier Law se enorgullecen de...<\/p>","protected":false},"author":4,"featured_media":0,"parent":0,"menu_order":0,"comment_status":"closed","ping_status":"closed","template":"","meta":{"_acf_changed":false,"footnotes":""},"class_list":["post-1293","page","type-page","status-publish","hentry"],"acf":[],"meta_description":"Collier Law can help with wills, trusts, powers of attorney, and other advanced estate planning techniques, schedule your free estate planning consult today!","meta_title":"","yoast_meta_title":"","yoast_meta_description":"","service_name":null,"service_description":null,"service_image":null,"schema_address":"","_links":{"self":[{"href":"https:\/\/collier-law.com\/es\/wp-json\/wp\/v2\/pages\/1293","targetHints":{"allow":["GET"]}}],"collection":[{"href":"https:\/\/collier-law.com\/es\/wp-json\/wp\/v2\/pages"}],"about":[{"href":"https:\/\/collier-law.com\/es\/wp-json\/wp\/v2\/types\/page"}],"author":[{"embeddable":true,"href":"https:\/\/collier-law.com\/es\/wp-json\/wp\/v2\/users\/4"}],"replies":[{"embeddable":true,"href":"https:\/\/collier-law.com\/es\/wp-json\/wp\/v2\/comments?post=1293"}],"version-history":[{"count":7,"href":"https:\/\/collier-law.com\/es\/wp-json\/wp\/v2\/pages\/1293\/revisions"}],"predecessor-version":[{"id":19126,"href":"https:\/\/collier-law.com\/es\/wp-json\/wp\/v2\/pages\/1293\/revisions\/19126"}],"wp:attachment":[{"href":"https:\/\/collier-law.com\/es\/wp-json\/wp\/v2\/media?parent=1293"}],"curies":[{"name":"wp","href":"https:\/\/api.w.org\/{rel}","templated":true}]}}