{"id":1518,"date":"2020-03-13T10:22:28","date_gmt":"2020-03-13T17:22:28","guid":{"rendered":"https:\/\/collier-law.com\/?page_id=1518"},"modified":"2024-12-12T09:33:23","modified_gmt":"2024-12-12T17:33:23","slug":"guardianship-and-conservatorship-salem-or","status":"publish","type":"page","link":"https:\/\/collier-law.com\/es\/guardianship-and-conservatorship-salem-or\/","title":{"rendered":"Tutela y curatela Salem OR"},"content":{"rendered":"<p><strong>En Oreg\u00f3n, las tutelas y curatelas se refieren a diferentes tipos de autoridad:<\/strong><\/p>\n<ul>\n<li>La tutela confiere autoridad sobre el bienestar f\u00edsico.<\/li>\n<li>La curatela otorga autoridad sobre las finanzas y los bienes.<\/li>\n<\/ul>\n<h2>Abogado de tutela de ancianos cerca de m\u00ed<\/h2>\n<p>Trabajar con un abogado especializado en derecho de la tercera edad o un abogado especializado en planificaci\u00f3n patrimonial para evitar procedimientos de tutela y curatela es la primera l\u00ednea de defensa para evitar procedimientos judiciales invasivos y costosos.<\/p>\n<p>Collier Law en Salem tiene experiencia en todos los aspectos de la ley de tutela y curatela. Nuestra pr\u00e1ctica se centra exclusivamente en testamentos, fideicomisos, sucesiones, tutelas y curatelas.<\/p>\n<p><strong>\u00bfC\u00f3mo evitar un procedimiento de tutela o curatela?<\/strong><br \/>\n<img loading=\"lazy\" decoding=\"async\" src=\"https:\/\/collier-law.com\/wp-content\/uploads\/2020\/03\/Guardianship-and-Conservatorship-Salem-OR-350x233.jpg\" alt=\"Guardianship and Conservatorship Salem OR\" width=\"350\" height=\"233\" class=\"alignright wp-image-1604 size-medium\" title=\"Tutela y curatela Salem OR\" srcset=\"https:\/\/collier-law.com\/wp-content\/uploads\/2020\/03\/Guardianship-and-Conservatorship-Salem-OR-350x233.jpg 350w, https:\/\/collier-law.com\/wp-content\/uploads\/2020\/03\/Guardianship-and-Conservatorship-Salem-OR.jpg 450w\" sizes=\"auto, (max-width: 350px) 100vw, 350px\" \/> Una cuidadosa planificaci\u00f3n patrimonial le permite protegerse de ser objeto de un procedimiento de tutela o curatela. Los documentos de planificaci\u00f3n patrimonial no s\u00f3lo le permiten elegir qui\u00e9n quiere que hable por usted cuando ya no tenga esa capacidad, sino que tambi\u00e9n permite que este momento de transici\u00f3n sea privado, en lugar de p\u00fablico a trav\u00e9s del proceso judicial.<\/p>\n<p>Estos procedimientos pueden implicar una vista judicial, en la que un juez escucha a los miembros de la familia hablar en detalle de la capacidad de la persona, a veces con ejemplos de comportamiento o incidentes que pueden resultar embarazosos. Discuten qui\u00e9n debe actuar como tutor y curador. Obtener la autoridad judicial puede ser un proceso estresante tanto para la persona cuya capacidad se cuestiona como para la que busca la autoridad para tomar decisiones. Sin embargo, cuando no hay otra alternativa, la participaci\u00f3n del tribunal para crear esta autoridad es necesaria.<\/p>\n<h2>Pr\u00e1cticas tutelares<\/h2>\n<p><strong>Tutela<\/strong><br \/>\nUna tutela es un m\u00e9todo para obtener la custodia legal o la autoridad para tomar decisiones sobre la salud y el bienestar de otra persona. Las personas recurren a la tutela por diferentes motivos. Un tutor tiene autoridad para tomar decisiones m\u00e9dicas y de vivienda, incluido el ingreso de un ser querido en un centro m\u00e9dico, cuando esa persona ya no puede tomar esas decisiones en su propio inter\u00e9s o no tiene capacidad legal para hacerlo.<\/p>\n<p>Si una persona no ha utilizado herramientas de planificaci\u00f3n patrimonial para nombrar a un responsable de tomar decisiones m\u00e9dicas o financieras y ya no es capaz de firmar documentos legales, s\u00f3lo el tribunal puede crear esa autoridad. Es posible que un documento de poder notarial no proporcione suficiente autoridad en situaciones en las que un menor o un adulto necesite ayuda con los cuidados y las actividades diarias. Este documento tampoco pone fin a la capacidad de una persona para actuar por s\u00ed misma, por lo que cualquier acci\u00f3n problem\u00e1tica o amenazadora puede continuar. Tenga cuidado al utilizar formularios gratuitos en l\u00ednea para fideicomisos, poderes y otros documentos de planificaci\u00f3n patrimonial. Incluso los programas inform\u00e1ticos de planificaci\u00f3n patrimonial pueden no cubrir las cuestiones espec\u00edficas de Oreg\u00f3n o de sus circunstancias. Y si la capacidad de una persona para firmar esos documentos legales est\u00e1 en duda, su autoridad para actuar podr\u00eda ser cuestionada m\u00e1s tarde, exponi\u00e9ndole a una responsabilidad potencial. Si no est\u00e1 seguro de si su ser querido tiene capacidad suficiente para firmar documentos legales, es mejor que intervenga un abogado para que tome esa determinaci\u00f3n y prepare los documentos legales si procede.<\/p>\n<p>Cuando no existe poder notarial, o surgen circunstancias imprevistas, Collier Law tiene experiencia en todos los aspectos de los procedimientos de tutela, incluyendo:<\/p>\n<ul>\n<li>Representaci\u00f3n de personas que solicitan la tutela de una persona que ya no puede gestionar su salud y sus asuntos m\u00e9dicos.<\/li>\n<li>Representar a personas que solicitan la tutela de un hijo adulto discapacitado, que no puede gestionar eficazmente sus asuntos m\u00e9dicos sin apoyo adicional.<\/li>\n<li>Representar a personas que solicitan la tutela de un menor tras haber perdido a todos sus progenitores vivos.<\/li>\n<li>Representar a los tutores tras su nombramiento por el tribunal y ayudarles a cumplir sus obligaciones legales.<\/li>\n<\/ul>\n<h2>Procedimiento de curatela<\/h2>\n<p><strong>Tutela<\/strong><br \/>\n<img loading=\"lazy\" decoding=\"async\" src=\"https:\/\/collier-law.com\/wp-content\/uploads\/2020\/03\/Legal-Guardianship-Salem-OR-350x233.jpg\" alt=\"Legal Guardianship Salem Or\" width=\"350\" height=\"233\" class=\"alignright wp-image-1606 size-medium\" title=\"Tutela legal Salem O\" srcset=\"https:\/\/collier-law.com\/wp-content\/uploads\/2020\/03\/Legal-Guardianship-Salem-OR-350x233.jpg 350w, https:\/\/collier-law.com\/wp-content\/uploads\/2020\/03\/Legal-Guardianship-Salem-OR.jpg 450w\" sizes=\"auto, (max-width: 350px) 100vw, 350px\" \/>El tribunal nombra a un curador para que se encargue de las decisiones legales y financieras. El curador tiene plena autoridad sobre las finanzas y los bienes de una persona incapacitada. Se puede nombrar un curador para un adulto si las pruebas demuestran que la persona no puede gestionar sus recursos financieros. Tambi\u00e9n se puede nombrar un curador para administrar los fondos de un hijo menor de edad. Cualquier persona interesada puede solicitar al tribunal que le autorice a asumir el control de las finanzas de una persona si presenta pruebas suficientes de su incapacidad y ninguna otra persona interesada se opone a la curatela. El curador no puede ser la persona que la persona incapacitada habr\u00eda elegido si fuera capaz de elegir, y la persona potencialmente incapacitada tiene la oportunidad de oponerse al nombramiento.<\/p>\n<p>Una vez nombrado por el tribunal, el curador est\u00e1 facultado para tomar posesi\u00f3n de los gastos y bienes de la persona incapacitada y es supervisado de cerca por el tribunal. El tribunal exige informes anuales detallados. El abogado del curador proporciona asesoramiento jur\u00eddico sobre lo que est\u00e1 permitido y lo que no en la gesti\u00f3n de las finanzas de la persona protegida.<\/p>\n<p>La persona incapacitada pierde todo control sobre sus bienes y activos. S\u00f3lo el curador tiene autoridad para acceder a cuentas bancarias, transferir fondos o girar cheques. En determinadas ocasiones, una persona protegida puede seguir siendo competente para redactar un testamento o cambiar los beneficiarios de cuentas de jubilaci\u00f3n, p\u00f3lizas de seguro de vida y p\u00f3lizas de renta vitalicia.<\/p>\n<h2>Abogado de curatela cerca de m\u00ed<\/h2>\n<p>Cuando no existe poder notarial, o surgen circunstancias imprevistas, Collier Law tiene experiencia en todos los aspectos de los procedimientos de curatela, incluyendo:<\/p>\n<ul>\n<li>Representaci\u00f3n de personas que solicitan la curatela de una persona que ya no puede gestionar sus bienes y asuntos financieros.<\/li>\n<li>Representaci\u00f3n de personas que solicitan la curatela de un hijo adulto discapacitado, que no puede gestionar eficazmente sus bienes o asuntos financieros sin apoyo adicional.<\/li>\n<li>Representar a personas que solicitan una curatela para un menor que ha sufrido lesiones cuando el tribunal debe aprobar un acuerdo sobre reclamaciones por lesiones personales bajo la autoridad legal de un curador.<\/li>\n<li>Representar a los curadores tras su nombramiento por el tribunal y ayudarles a cumplir sus obligaciones legales.<\/li>\n<\/ul>\n<p>El equipo legal de Collier Law en Salem est\u00e1 aqu\u00ed para ayudarle con los procedimientos de tutela. Por favor llame a nuestra oficina para programar una consulta con uno de nuestros abogados experimentados.<\/p>","protected":false},"excerpt":{"rendered":"<p>En Oreg\u00f3n, las tutelas y curatelas se refieren a diferentes tipos de autoridad: La tutela otorga autoridad sobre el bienestar f\u00edsico. Una tutela...<\/p>","protected":false},"author":4,"featured_media":1605,"parent":0,"menu_order":0,"comment_status":"closed","ping_status":"closed","template":"page-service-template.php","meta":{"_acf_changed":false,"footnotes":""},"class_list":["post-1518","page","type-page","status-publish","has-post-thumbnail","hentry"],"acf":[],"meta_description":"Needing to appoint guardianship or conservatorship is a difficult position to be in. Call Collier Law today for guardianship and conservatorship Salem OR!","meta_title":"","yoast_meta_title":"","yoast_meta_description":"","service_name":"Guardianship and Conservatorship","service_description":"Appointing guardianship or conservatorship is a complicated process and requires help from an experienced attorney. At Collier Law, we understand the complexities involved in these types of legal processes. Our attorneys are well-versed in probate, wills and testaments, trusts, and estate planning. We are here to guide you through what is often a difficult time and do what we can to make to process simple. ","service_image":"https:\/\/collier-law.com\/wp-content\/uploads\/2020\/03\/Guardianship-and-Conservatorship-Salem-OR.jpg","schema_address":"1","_links":{"self":[{"href":"https:\/\/collier-law.com\/es\/wp-json\/wp\/v2\/pages\/1518","targetHints":{"allow":["GET"]}}],"collection":[{"href":"https:\/\/collier-law.com\/es\/wp-json\/wp\/v2\/pages"}],"about":[{"href":"https:\/\/collier-law.com\/es\/wp-json\/wp\/v2\/types\/page"}],"author":[{"embeddable":true,"href":"https:\/\/collier-law.com\/es\/wp-json\/wp\/v2\/users\/4"}],"replies":[{"embeddable":true,"href":"https:\/\/collier-law.com\/es\/wp-json\/wp\/v2\/comments?post=1518"}],"version-history":[{"count":19,"href":"https:\/\/collier-law.com\/es\/wp-json\/wp\/v2\/pages\/1518\/revisions"}],"predecessor-version":[{"id":19099,"href":"https:\/\/collier-law.com\/es\/wp-json\/wp\/v2\/pages\/1518\/revisions\/19099"}],"wp:featuredmedia":[{"embeddable":true,"href":"https:\/\/collier-law.com\/es\/wp-json\/wp\/v2\/media\/1605"}],"wp:attachment":[{"href":"https:\/\/collier-law.com\/es\/wp-json\/wp\/v2\/media?parent=1518"}],"curies":[{"name":"wp","href":"https:\/\/api.w.org\/{rel}","templated":true}]}}