{"id":1526,"date":"2020-03-13T13:12:51","date_gmt":"2020-03-13T20:12:51","guid":{"rendered":"https:\/\/collier-law.com\/?page_id=1526"},"modified":"2024-12-13T06:46:55","modified_gmt":"2024-12-13T14:46:55","slug":"trusts-attorney-salem-or","status":"publish","type":"page","link":"https:\/\/collier-law.com\/es\/trusts-attorney-salem-or\/","title":{"rendered":"Fideicomisos Abogado Salem OR"},"content":{"rendered":"<p>Collier Law en Salem tiene experiencia en todos los aspectos de la ley de fideicomiso. Nuestra pr\u00e1ctica se centra exclusivamente en testamentos, administraci\u00f3n de fideicomisos, sucesiones, planificaci\u00f3n patrimonial, tutelas y curatelas.<\/p>\n<p>Un plan b\u00e1sico de sucesi\u00f3n es un conjunto de documentos que incluye un testamento, posiblemente un fideicomiso en vida revocable, y documentos de apoyo como un poder notarial duradero, instrucciones anticipadas, y la liberaci\u00f3n de HIPAA. Estas herramientas legales ayudan a las personas, parejas y familias a planificar y hacer frente a la enfermedad, la incapacidad y la muerte. Estas herramientas tambi\u00e9n desempe\u00f1an un papel importante a la hora de reducir los impuestos sobre la renta y el patrimonio, facilitar la transici\u00f3n de una empresa y ayudar a los hijos menores.<\/p>\n<h2>Consultor\u00eda de abogados fiduciarios<\/h2>\n<p><strong>\u00bfC\u00f3mo se crea un fideicomiso testamentario revocable?<\/strong><br \/>\n<img loading=\"lazy\" decoding=\"async\" src=\"https:\/\/collier-law.com\/wp-content\/uploads\/2020\/03\/Trusts-Attorney-Salem-OR-350x233.jpg\" alt=\"Trusts Attorney Salem OR\" width=\"350\" height=\"233\" class=\"alignright wp-image-1622 size-medium\" title=\"Fideicomisos Abogado Salem OR\" srcset=\"https:\/\/collier-law.com\/wp-content\/uploads\/2020\/03\/Trusts-Attorney-Salem-OR-350x233.jpg 350w, https:\/\/collier-law.com\/wp-content\/uploads\/2020\/03\/Trusts-Attorney-Salem-OR.jpg 450w\" sizes=\"auto, (max-width: 350px) 100vw, 350px\" \/>Si un fideicomiso testamentario revocable es apropiado para usted, necesitar\u00e1 un acuerdo por escrito que establezca sus deseos y planes para la gesti\u00f3n y distribuci\u00f3n de sus bienes. Una vez formalizado el acuerdo, deber\u00e1 transferir sus activos al fideicomiso. Sus activos pasar\u00e1n a ser propiedad del fideicomiso y ser\u00e1n gestionados por usted como fideicomisario del mismo. Pueden ser necesarias escrituras de propiedad inmobiliaria y otros documentos o tr\u00e1mites legales para garantizar que sus cuentas bancarias, cuentas de inversi\u00f3n y otros activos se transfieran correctamente al fideicomiso. Los activos que no se transfieran formalmente al fideicomiso podr\u00edan estar sujetos a legalizaci\u00f3n. Tambi\u00e9n debe tener un testamento para asegurarse de que cualquier propiedad que no haya sido colocada correctamente en su fideicomiso antes del fallecimiento pueda ser transferida al fideicomiso despu\u00e9s del fallecimiento.<\/p>\n<p>Si en el momento de su fallecimiento hay bienes que siguen estando a su nombre y no a nombre de su fideicomiso, su testamento puede transferir estos bienes a su fideicomiso. Si los activos que requieren legalizaci\u00f3n incluyen bienes personales valorados en menos de $75.000 y bienes inmuebles valorados en menos de $200.000, se puede presentar una Declaraci\u00f3n Jurada de Sucesor Reivindicado ante el tribunal testamentario, lo que permite un proceso de legalizaci\u00f3n m\u00e1s corto. Si sus bienes superan uno o ambos umbrales, se requiere un proceso sucesorio m\u00e1s exhaustivo.<\/p>\n<p><strong>\u00bfEvita impuestos un fideicomiso testamentario revocable?<\/strong><br \/>\nPor s\u00ed mismo, un fideicomiso testamentario revocable no evita los impuestos sobre la renta, el patrimonio o las donaciones. Sin embargo, en un fideicomiso testamentario revocable o en un testamento se pueden incluir disposiciones para minimizar o eliminar eficazmente los impuestos sobre sucesiones y donaciones. Utilizadas adecuadamente, estas herramientas pueden ahorrarle cientos de miles de d\u00f3lares en impuestos. Independientemente de que su plan sucesorio se base en un fideicomiso o en un testamento, deber\u00e1 presentar una declaraci\u00f3n del impuesto de sucesiones del Estado de Oreg\u00f3n tras su fallecimiento si el valor total de sus bienes supera $1 mill\u00f3n.<\/p>\n<p><strong>\u00bfCu\u00e1nto cuesta un fideicomiso testamentario revocable?<\/strong><br \/>\nEl coste de un fideicomiso testamentario revocable puede depender de lo complicados que sean sus bienes y sus objetivos de planificaci\u00f3n patrimonial, de cu\u00e1ntos bienes deban transferirse al fideicomiso y de si es necesaria una planificaci\u00f3n fiscal. Antes de encargar a un abogado la creaci\u00f3n de un fideicomiso para usted, p\u00eddale estimaciones de cu\u00e1nto costar\u00e1 todo el proceso, cu\u00e1nto costar\u00eda un testamento en lugar de un fideicomiso y cu\u00e1nto podr\u00eda costar la legalizaci\u00f3n de un testamento dados sus activos y circunstancias. Algunos bufetes de abogados, incluyendo Collier Law, ofrecen una consulta inicial gratuita para conocer sus objetivos de planificaci\u00f3n patrimonial antes de estimar el coste de preparar sus documentos.<\/p>\n<p>Un plan de fideicomiso testamentario revocable debe incluir el documento del fideicomiso, asistencia para financiar sus activos en el fideicomiso, un testamento \"pour-over\" que sirva de red de seguridad para los activos que se omitan inadvertidamente del fideicomiso y un poder notarial duradero. Tambi\u00e9n debe incluir documentos legales relacionados, como una directiva anticipada sobre decisiones m\u00e9dicas y una certificaci\u00f3n de fideicomiso, que resume t\u00e9rminos e informaci\u00f3n importantes del fideicomiso.<\/p>\n<h2>Estrategias avanzadas de planificaci\u00f3n<\/h2>\n<p>Algunas personas pueden desear orientaci\u00f3n jur\u00eddica en asuntos adicionales que van m\u00e1s all\u00e1 del \u00e1mbito de las herramientas jur\u00eddicas b\u00e1sicas mencionadas anteriormente. A continuaci\u00f3n figuran algunos ejemplos.<\/p>\n<h2>Herramientas de planificaci\u00f3n fiscal centradas en las donaciones ben\u00e9ficas<\/h2>\n<p><img loading=\"lazy\" decoding=\"async\" src=\"https:\/\/collier-law.com\/wp-content\/uploads\/2020\/05\/Trust-Attorney-Near-Me-Salem-OR-2-350x233.jpg\" alt=\"Trust Attorney Near Me Salem OR\" width=\"350\" height=\"233\" class=\"alignright wp-image-1905 size-medium\" title=\"Abogado de fideicomiso cerca de m\u00ed Salem OR\" srcset=\"https:\/\/collier-law.com\/wp-content\/uploads\/2020\/05\/Trust-Attorney-Near-Me-Salem-OR-2-350x233.jpg 350w, https:\/\/collier-law.com\/wp-content\/uploads\/2020\/05\/Trust-Attorney-Near-Me-Salem-OR-2.jpg 450w\" sizes=\"auto, (max-width: 350px) 100vw, 350px\" \/><strong>Fideicomisos ben\u00e9ficos (CRAT y CRUT)<\/strong><br \/>\nUn fideicomiso ben\u00e9fico es un fideicomiso que proporciona ingresos a los fideicomitentes u otorgantes durante varios a\u00f1os, tras lo cual una organizaci\u00f3n ben\u00e9fica (o varias) de su elecci\u00f3n recibe el resto de los activos del fideicomiso. Los beneficios para usted incluyen un flujo fiable y constante de ingresos durante varios a\u00f1os, una deducci\u00f3n parcial del impuesto sobre la renta de beneficencia y una posible reducci\u00f3n del impuesto sobre plusval\u00edas.<\/p>\n<p><strong>Fideicomisos caritativos<\/strong><br \/>\nUn fideicomiso principal ben\u00e9fico es un fideicomiso que usted crea para proporcionar ingresos a una organizaci\u00f3n ben\u00e9fica durante un plazo determinado. Cuanto m\u00e1s largo sea el plazo, mayor ser\u00e1 el ahorro en el impuesto sobre donaciones para usted como creador del fideicomiso. Una vez finalizado el plazo, los bienes restantes del fideicomiso se distribuyen a los beneficiarios que usted designe, como usted mismo, su familia u otras personas.<\/p>\n<h2>Planificar su jubilaci\u00f3n<\/h2>\n<p><strong>Fideicomisos de planes de jubilaci\u00f3n (tambi\u00e9n llamados fideicomisos IRA)<\/strong><br \/>\nSu plan de jubilaci\u00f3n est\u00e1 protegido de sus acreedores y de la quiebra, pero no se ofrece la misma protecci\u00f3n a quien herede el resto de los activos de su plan de jubilaci\u00f3n tras su fallecimiento. Adem\u00e1s, es m\u00e1s probable que quienes heredan planes de jubilaci\u00f3n opten por un pago \u00fanico en lugar de un pago a largo plazo o una reinversi\u00f3n. Esto tiene consecuencias negativas perjudiciales en el impuesto sobre la renta para sus beneficiarios. A muchas personas les asusta la idea de que sus hijos se gasten en uno o dos a\u00f1os la cuenta de jubilaci\u00f3n que tanto les ha costado ganar. Un fideicomiso de plan de jubilaci\u00f3n ayuda a resolver estos problemas y proporciona una importante protecci\u00f3n a sus beneficiarios.<\/p>\n<h2>Seguro de vida<\/h2>\n<p><strong>Fideicomisos irrevocables de seguro de vida (ILIT)<\/strong><br \/>\nEn general, su p\u00f3liza de seguro de vida se incluye en su patrimonio imponible a su fallecimiento. Si desea reducir los impuestos sobre el patrimonio en el momento de su fallecimiento, puede eliminar la p\u00f3liza de seguro de su patrimonio mediante un fideicomiso irrevocable de seguro de vida. Adem\u00e1s, es posible que le preocupe que los beneficiarios de su p\u00f3liza de seguro no gasten los beneficios adecuadamente tras su fallecimiento. Al designar un fideicomiso como beneficiario de su p\u00f3liza y proporcionar orientaci\u00f3n al fideicomisario sobre c\u00f3mo invertir o distribuir los beneficios, puede reducir los impuestos y tener m\u00e1s control sobre los beneficios de su p\u00f3liza.<\/p>\n<p>El equipo legal de Collier Law en Salem est\u00e1 aqu\u00ed para ayudarle con los procedimientos fiduciarios, <a href=\"https:\/\/collier-law.com\/es\/guardianship-and-conservatorship-salem-or\/\">tutela y curatela<\/a>testamentos, y m\u00e1s. Por favor llame a nuestra oficina para programar su consulta gratuita con uno de nuestros abogados experimentados.<\/p>","protected":false},"excerpt":{"rendered":"<p>Collier Law en Salem tiene experiencia en todos los aspectos de la ley de fideicomiso. Nuestra pr\u00e1ctica se centra exclusivamente en testamentos, administraci\u00f3n de fideicomisos,...<\/p>","protected":false},"author":4,"featured_media":1623,"parent":0,"menu_order":0,"comment_status":"closed","ping_status":"closed","template":"page-service-template.php","meta":{"_acf_changed":false,"footnotes":""},"class_list":["post-1526","page","type-page","status-publish","has-post-thumbnail","hentry"],"acf":[],"meta_description":"If you are interested in creating a trust come speak with one of our helpful trusts attorney Salem OR! Call Collier Law today!","meta_title":"","yoast_meta_title":"","yoast_meta_description":"","service_name":"Trusts Attorney","service_description":"At Collier Law, we assist people with the legal complexities that surround trusts. This includes creating trusts and settling them. Our attorneys have years of experience guiding clients through the language and fine details that encompass a trust. Our company believes in not only providing reliable services to our clients but doing so in an understanding and compassionate way. ","service_image":"https:\/\/collier-law.com\/wp-content\/uploads\/2020\/03\/Trusts-Attorney-Salem-OR.jpg","schema_address":"1","_links":{"self":[{"href":"https:\/\/collier-law.com\/es\/wp-json\/wp\/v2\/pages\/1526","targetHints":{"allow":["GET"]}}],"collection":[{"href":"https:\/\/collier-law.com\/es\/wp-json\/wp\/v2\/pages"}],"about":[{"href":"https:\/\/collier-law.com\/es\/wp-json\/wp\/v2\/types\/page"}],"author":[{"embeddable":true,"href":"https:\/\/collier-law.com\/es\/wp-json\/wp\/v2\/users\/4"}],"replies":[{"embeddable":true,"href":"https:\/\/collier-law.com\/es\/wp-json\/wp\/v2\/comments?post=1526"}],"version-history":[{"count":22,"href":"https:\/\/collier-law.com\/es\/wp-json\/wp\/v2\/pages\/1526\/revisions"}],"predecessor-version":[{"id":19110,"href":"https:\/\/collier-law.com\/es\/wp-json\/wp\/v2\/pages\/1526\/revisions\/19110"}],"wp:featuredmedia":[{"embeddable":true,"href":"https:\/\/collier-law.com\/es\/wp-json\/wp\/v2\/media\/1623"}],"wp:attachment":[{"href":"https:\/\/collier-law.com\/es\/wp-json\/wp\/v2\/media?parent=1526"}],"curies":[{"name":"wp","href":"https:\/\/api.w.org\/{rel}","templated":true}]}}