{"id":1655,"date":"2020-03-18T09:47:46","date_gmt":"2020-03-18T16:47:46","guid":{"rendered":"https:\/\/collier-law.com\/?page_id=1655"},"modified":"2022-10-10T13:28:52","modified_gmt":"2022-10-10T20:28:52","slug":"will-and-trust-attorney-keizer-or","status":"publish","type":"page","link":"https:\/\/collier-law.com\/es\/will-and-trust-attorney-keizer-or\/","title":{"rendered":"Testamento y Fideicomiso Abogado Keizer OR"},"content":{"rendered":"<h2><span style=\"font-weight: 400;\">La b\u00fasqueda de un abogado especializado en testamentos y fideicomisos cerca de m\u00ed ha terminado<\/span><\/h2>\n<p><strong>\u00bfQu\u00e9 es un testamento?<\/strong><br \/>\n<img loading=\"lazy\" decoding=\"async\" title=\"Testamentos Abogado Keizer OR\" src=\"https:\/\/collier-law.com\/wp-content\/uploads\/2022\/10\/Will-and-Trust-Attorney-Keizer-OR-350x233.jpg\" alt=\"Will and Trust Attorney Keizer OR\" width=\"350\" height=\"233\" class=\"alignright wp-image-15292 size-medium\" srcset=\"https:\/\/collier-law.com\/wp-content\/uploads\/2022\/10\/Will-and-Trust-Attorney-Keizer-OR-350x233.jpg 350w, https:\/\/collier-law.com\/wp-content\/uploads\/2022\/10\/Will-and-Trust-Attorney-Keizer-OR.jpg 450w\" sizes=\"auto, (max-width: 350px) 100vw, 350px\" \/>Collier Law cerca de Keizer tiene experiencia en todos los aspectos de testamentos. Nuestra pr\u00e1ctica se centra exclusivamente en testamentos, fideicomisos, sucesiones, tutelas y curatelas.<\/p>\n<p>Un testamento o \"<a href=\"https:\/\/collier-law.com\/es\/\" title=\"Enlace a la p\u00e1gina de inicio\">\u00daltima voluntad<\/a>\"El testamento es un conjunto de instrucciones escritas dirigidas al tribunal en las que se detalla c\u00f3mo se gestionar\u00e1 su patrimonio, qui\u00e9n se har\u00e1 cargo de sus asuntos a su fallecimiento y qui\u00e9n recibir\u00e1 una herencia de su patrimonio. Las instrucciones de un testamento se limitan a los bienes y asuntos bajo la jurisdicci\u00f3n del tribunal testamentario. En Oreg\u00f3n, su testamento debe constar por escrito y debe estar firmado por usted y dos testigos. El testamento tiene que ser firmado en presencia de los dos testigos, y las firmas de los testigos deben ser notariadas. El incumplimiento estricto de las formalidades legales de Oreg\u00f3n invalidar\u00e1 su testamento.<\/p>\n<p><strong>\u00bfEvita el testamento la legalizaci\u00f3n de un testamento?<\/strong><br \/>\nNo. Un testamento es simplemente un conjunto de instrucciones escritas para el tribunal testamentario que describe sus deseos respecto a la gesti\u00f3n y distribuci\u00f3n de su patrimonio.<\/p>\n<h2>Fideicomiso en vida<\/h2>\n<p><strong>\u00bfPuede un fideicomiso revocable ayudar a evitar la sucesi\u00f3n?<\/strong><br \/>\nLos fideicomisos son una herramienta de planificaci\u00f3n patrimonial muy com\u00fan y eficaz. A muchas personas no les interesa que los tribunales testamentarios resuelvan su patrimonio siguiendo las instrucciones de un testamento. Un fideicomiso bien preparado y mantenido evitar\u00e1 los retrasos y gastos de la legalizaci\u00f3n. Tambi\u00e9n puede reducir los impuestos sobre su patrimonio en caso de fallecimiento. El fideicomiso describir\u00e1 qui\u00e9n puede actuar como fideicomisario en caso de que los otorgantes del fideicomiso queden incapacitados. Sin un fideicomiso, es posible que los tribunales tengan que intervenir para designar a una persona que administre sus bienes mediante una curatela. Una curatela es tambi\u00e9n un proceso costoso y oneroso que puede evitarse con un fideicomiso testamentario revocable. Evitar la sucesi\u00f3n puede ayudar a que un patrimonio modesto conserve su valor para los beneficiarios.<\/p>\n<h2>Testamento vital y patrimonio<\/h2>\n<p>El t\u00e9rmino \"testamento vital\" se utiliza generalmente para referirse al poder notarial para la atenci\u00f3n sanitaria de Oreg\u00f3n denominado directiva anticipada. Es una parte importante de sus herramientas de planificaci\u00f3n patrimonial, pero un testamento vital no afecta a sus bienes.<\/p>\n<p>Por el contrario, un testamento controla sus bienes y da instrucciones al tribunal para la gesti\u00f3n de sus bienes en caso de fallecimiento.<\/p>\n<p><strong>\u00bfQu\u00e9 ventajas tiene el testamento?<\/strong><br \/>\nUn testamento le permite decidir qui\u00e9n administrar\u00e1 sus bienes y ultimar\u00e1 sus asuntos tras su fallecimiento. Un testamento permite que sus deseos e intenciones sean escuchados en relaci\u00f3n con una serie de cuestiones, incluyendo qui\u00e9n ser\u00e1 su representante legal tras su fallecimiento, la distribuci\u00f3n de sus bienes y la selecci\u00f3n de tutores para los hijos menores. Sin un testamento, la administraci\u00f3n de su patrimonio se rige por la ley de Oreg\u00f3n. En Oreg\u00f3n, si usted no elige un representante personal en su testamento (llamado albacea o administrador en algunos estados), la ley estatal y la elecci\u00f3n del tribunal decidir\u00e1n qui\u00e9n ser\u00e1 su representante.<\/p>\n<p><strong>\u00bfUn testamento controla la distribuci\u00f3n de todos sus bienes?<\/strong><br \/>\nNo. Un testamento s\u00f3lo rige los bienes que requieren administraci\u00f3n a trav\u00e9s de un proceso testamentario o judicial. Los bienes como los seguros de vida, los planes de jubilaci\u00f3n y las cuentas bancarias y de inversi\u00f3n con designaci\u00f3n de beneficiarios o disposiciones de transmisi\u00f3n en caso de fallecimiento se transmiten por contrato al margen del proceso judicial. Asimismo, los bienes pose\u00eddos como \"marido y mujer\" o como \"copropietarios con derecho de supervivencia\" se transfieren al propietario superviviente por ministerio de la ley sin necesidad de un proceso testamentario. Su testamento no anula la designaci\u00f3n de beneficiarios. Es importante revisar peri\u00f3dicamente todas las designaciones de beneficiarios para asegurarse de que est\u00e1n actualizadas.<\/p>\n<p><strong>\u00bfPueden las cuentas conjuntas sustituir al testamento?<\/strong><br \/>\n<img loading=\"lazy\" decoding=\"async\" class=\"alignright wp-image-15290 size-medium\" height=\"197\" width=\"350\" alt=\"Will Attorney Keizer OR\" src=\"https:\/\/collier-law.com\/wp-content\/uploads\/2022\/10\/Will-Attorney-Keizer-OR-350x197.jpg\" title=\"\u00daltima voluntad y testamento Keizer Or\" srcset=\"https:\/\/collier-law.com\/wp-content\/uploads\/2022\/10\/Will-Attorney-Keizer-OR-350x197.jpg 350w, https:\/\/collier-law.com\/wp-content\/uploads\/2022\/10\/Will-Attorney-Keizer-OR.jpg 450w\" sizes=\"auto, (max-width: 350px) 100vw, 350px\" \/>Las cuentas conjuntas no act\u00faan como un sustituto completo del testamento. Muchas parejas casadas poseen bienes inmuebles, cuentas bancarias, inversiones y otros tipos de bienes como \"marido y mujer\" o como \"copropietarios con derecho de supervivencia.\" Cuando fallece el primer c\u00f3nyuge, la propiedad pasa a ser del c\u00f3nyuge superviviente sin necesidad de un proceso sucesorio. Sin embargo, el uso de la copropiedad como t\u00e9cnica para evitar la sucesi\u00f3n entre padres e hijos, o entre una persona y su beneficiario no c\u00f3nyuge, puede tener consecuencias no deseadas. Entre esas consecuencias se encuentran la obligaci\u00f3n de pagar el impuesto sobre donaciones, la p\u00e9rdida de beneficios fiscales, el reparto desigual entre los beneficiarios, la falta de control en la distribuci\u00f3n de la herencia, las disputas entre beneficiarios e incluso la desheredaci\u00f3n accidental de seres queridos. Adem\u00e1s, esos bienes pueden quedar sujetos a las deudas, juicios y malas decisiones de un beneficiario. Si se nombran hijos menores para recibir bienes, el tribunal intervendr\u00e1 para administrar el dinero hasta que cumplan 18 a\u00f1os. Debe consultarse a un abogado para comprender las ventajas y desventajas de esta t\u00e9cnica de propiedad.<\/p>\n<p><strong>\u00bfQu\u00e9 ocurre si muero sin testamento?<\/strong><br \/>\nSi no tiene testamento y fallece con bienes que requieran un proceso testamentario o judicial para transferir el t\u00edtulo, sus bienes se distribuir\u00e1n de acuerdo con la ley de Oreg\u00f3n. Por ejemplo, si est\u00e1 casado y no tiene hijos, o si est\u00e1 casado y todos sus hijos son hijos de su c\u00f3nyuge, todos sus bienes pasar\u00e1n a su c\u00f3nyuge. Sin embargo, si est\u00e1 casado y tiene hijos de una relaci\u00f3n anterior, la mitad de sus bienes testamentarios pasar\u00e1n a su c\u00f3nyuge, y la otra mitad se dividir\u00e1 a partes iguales entre sus hijos. Si tiene hijos menores de edad, el tribunal decidir\u00e1 qui\u00e9n ser\u00e1 el tutor y curador de sus hijos. Si no est\u00e1 casado, sus bienes se repartir\u00e1n a partes iguales entre sus hijos. Si no tiene hijos, sus bienes se repartir\u00e1n a partes iguales entre sus padres. En Oreg\u00f3n tambi\u00e9n existen disposiciones que regulan el destino de los bienes en caso de que un hijo o progenitor fallezca antes que usted, y si esa parte pasar\u00e1 a los hijos de ese hijo o progenitor fallecido antes que usted. Por \u00faltimo, si usted fallece sin que le sobreviva ning\u00fan familiar, sus bienes se distribuir\u00e1n entre el Estado de Oreg\u00f3n.<\/p>\n<h2>Testamentos y herencias<\/h2>\n<p>Collier Law le puede ayudar con la planificaci\u00f3n y preparaci\u00f3n de su testamento y con la liquidaci\u00f3n de su patrimonio a su paso por el tribunal testamentario. Si su objetivo es evitar la sucesi\u00f3n, nuestros abogados pueden hablarle de las herramientas para lograrlo, incluyendo el uso de un fideicomiso testamentario revocable.<\/p>\n<p>El equipo jur\u00eddico de Collier Law est\u00e1 a su disposici\u00f3n para ayudarle con los tr\u00e1mites de \u00faltimas voluntades, testamentar\u00edas y <a href=\"https:\/\/collier-law.com\/es\/trusts-attorney-woodburn-or\/\">fideicomisos en Woodburn<\/a>Keizer, y las \u00e1reas circundantes. Por favor llame a nuestra oficina para programar su consulta gratuita con uno de nuestros abogados experimentados.<\/p>","protected":false},"excerpt":{"rendered":"<p>La b\u00fasqueda de un abogado de testamentos y fideicomisos cerca de m\u00ed ha terminado \u00bfQu\u00e9 es un testamento? Collier Law cerca de Keizer...<\/p>","protected":false},"author":4,"featured_media":15291,"parent":0,"menu_order":0,"comment_status":"closed","ping_status":"closed","template":"page-service-template.php","meta":{"_acf_changed":false,"footnotes":""},"class_list":["post-1655","page","type-page","status-publish","has-post-thumbnail","hentry"],"acf":[],"meta_description":"Here at Collier Law, you will find a very trustworthy Will and Trust Attorney in Keizer OR! Call us today to set up an appointment!","meta_title":"","yoast_meta_title":"","yoast_meta_description":"","service_name":"Will and Trust Attorney","service_description":"At Collier Law, we strive to provide thorough, detail-oriented services for all of our clients. When you need a will and trust attorney, it is essential to be meticulous in the writing to ensure our client's wishes are fulfilled to their specifications. Our attorneys have years of experience advising clients and assisting them through difficult legal processes like estate planning, probate, and trust administration. ","service_image":"https:\/\/collier-law.com\/wp-content\/uploads\/2022\/10\/Will-and-Trust-Attorney-Keizer-OR.jpg","schema_address":"1","_links":{"self":[{"href":"https:\/\/collier-law.com\/es\/wp-json\/wp\/v2\/pages\/1655","targetHints":{"allow":["GET"]}}],"collection":[{"href":"https:\/\/collier-law.com\/es\/wp-json\/wp\/v2\/pages"}],"about":[{"href":"https:\/\/collier-law.com\/es\/wp-json\/wp\/v2\/types\/page"}],"author":[{"embeddable":true,"href":"https:\/\/collier-law.com\/es\/wp-json\/wp\/v2\/users\/4"}],"replies":[{"embeddable":true,"href":"https:\/\/collier-law.com\/es\/wp-json\/wp\/v2\/comments?post=1655"}],"version-history":[{"count":16,"href":"https:\/\/collier-law.com\/es\/wp-json\/wp\/v2\/pages\/1655\/revisions"}],"predecessor-version":[{"id":15300,"href":"https:\/\/collier-law.com\/es\/wp-json\/wp\/v2\/pages\/1655\/revisions\/15300"}],"wp:featuredmedia":[{"embeddable":true,"href":"https:\/\/collier-law.com\/es\/wp-json\/wp\/v2\/media\/15291"}],"wp:attachment":[{"href":"https:\/\/collier-law.com\/es\/wp-json\/wp\/v2\/media?parent=1655"}],"curies":[{"name":"wp","href":"https:\/\/api.w.org\/{rel}","templated":true}]}}