{"id":19414,"date":"2025-04-25T13:12:45","date_gmt":"2025-04-25T20:12:45","guid":{"rendered":"https:\/\/collier-law.com\/?page_id=19414"},"modified":"2025-04-25T13:17:08","modified_gmt":"2025-04-25T20:17:08","slug":"probate-attorney-mcminnville-or","status":"publish","type":"page","link":"https:\/\/collier-law.com\/es\/probate-attorney-mcminnville-or\/","title":{"rendered":"Abogado testamentario McMinnville OR"},"content":{"rendered":"<p><img loading=\"lazy\" decoding=\"async\" title=\"Abogado testamentario Salem OR\" class=\"alignright wp-image-19417 size-medium\" height=\"233\" width=\"350\" alt=\"Probate Attorney Mcminnville Or\" src=\"https:\/\/collier-law.com\/wp-content\/uploads\/2025\/04\/Probate-Attorney-McMinnville-OR-350x233.jpg\" srcset=\"https:\/\/collier-law.com\/wp-content\/uploads\/2025\/04\/Probate-Attorney-McMinnville-OR-350x233.jpg 350w, https:\/\/collier-law.com\/wp-content\/uploads\/2025\/04\/Probate-Attorney-McMinnville-OR-18x12.jpg 18w, https:\/\/collier-law.com\/wp-content\/uploads\/2025\/04\/Probate-Attorney-McMinnville-OR.jpg 450w\" sizes=\"auto, (max-width: 350px) 100vw, 350px\" \/>Collier Law cerca de McMinnville tiene experiencia en todos los aspectos de la ley testamentaria. Nuestra pr\u00e1ctica se centra exclusivamente en testamentos, fideicomisos, sucesiones, <a href=\"https:\/\/collier-law.com\/es\/estate-planning-attorney-mcminnville-or\/\">planificaci\u00f3n patrimonial<\/a>tutela y curatela.<\/p>\n<p>Cuando una persona fallece, suele dejar tras de s\u00ed bienes y deudas. Cada estado tiene un proceso supervisado por un tribunal para transferir el t\u00edtulo de propiedad de una persona fallecida a sus herederos o beneficiarios bajo un testamento v\u00e1lido o \"\u00daltima Voluntad y Testamento\". Un tribunal supervisar\u00e1 la transferencia de los bienes de una persona fallecida tras el pago de sus deudas. Este proceso supervisado por un tribunal se denomina legalizaci\u00f3n de un testamento.<\/p>\n<p>Si una persona fallece sin un testamento v\u00e1lido, fallece \"intestada\", y sus bienes se distribuir\u00e1n bajo la direcci\u00f3n del tribunal testamentario de acuerdo con el conjunto de leyes de Oreg\u00f3n que abordan la sucesi\u00f3n intestada.<\/p>\n<p>Si una persona fallece con un testamento en vigor, fallece \"testada\" y sus bienes se distribuir\u00e1n de acuerdo con sus deseos, seg\u00fan lo establecido en su testamento.<\/p>\n<p>En Oreg\u00f3n, la persona encargada de gestionar la herencia se denomina representante personal. En otros estados, este representante legal puede denominarse albacea de la herencia.<\/p>\n<p>Un abogado especializado en liquidaci\u00f3n de herencias puede darle una estimaci\u00f3n de los costes y plazos de la sucesi\u00f3n. En muchos casos, se tarda m\u00e1s de un a\u00f1o en completar el proceso de liquidaci\u00f3n de la herencia supervisado por el tribunal. El proceso puede ser costoso, con tasas judiciales, honorarios de contables, honorarios de abogados y otros gastos de administraci\u00f3n.<\/p>\n<p><strong>\u00bfCu\u00e1ndo es necesaria una legalizaci\u00f3n?<\/strong><br \/>Cuando una persona fallece poseyendo bienes a su nombre, el proceso de sucesi\u00f3n es necesario para transferir la propiedad de esos bienes a nombre de sus herederos o beneficiarios. Si los activos est\u00e1n titulados a nombre de un fideicomiso revocable en vida, con una designaci\u00f3n de beneficiario de pago en caso de fallecimiento o transferencia en caso de fallecimiento, o son propiedad de otra persona con \"derecho de supervivencia\", entonces la sucesi\u00f3n puede no ser necesaria para esos activos. Adem\u00e1s, los activos como las cuentas de jubilaci\u00f3n, las rentas vitalicias y los seguros de vida suelen tener una designaci\u00f3n de beneficiario que evitar\u00e1 el proceso sucesorio.<\/p>\n<p><strong>A veces, la legalizaci\u00f3n de un testamento es necesaria para:<\/strong><\/p>\n<ul>\n<li>Limpiar la titularidad de terrenos, acciones y bonos, o grandes cuentas bancarias o de ahorro propiedad exclusiva de la persona fallecida, y transferir la titularidad de estos activos a los beneficiarios correspondientes.<\/li>\n<li>Resolver las reclamaciones de los acreedores cuando un patrimonio tiene m\u00e1s deudas que activos.<\/li>\n<li>Cobrar las deudas contra\u00eddas con la persona fallecida.<\/li>\n<li>Resolver un litigio entre personas que alegan tener derecho a los bienes de la persona fallecida.<\/li>\n<li>Resolver cualquier disputa sobre la validez del testamento de la persona fallecida.<\/li>\n<\/ul>\n<p>Tambi\u00e9n existe una forma abreviada de sucesi\u00f3n, denominada sucesi\u00f3n de peque\u00f1o patrimonio. Esta opci\u00f3n est\u00e1 disponible si el patrimonio es sencillo y de valor m\u00ednimo.<\/p>\n<p><strong>\u00bfQu\u00e9 ocurre durante el proceso sucesorio?<\/strong><br \/>El abogado preparar\u00e1 y presentar\u00e1 alegatos en el condado correspondiente solicitando que se nombre un representante personal y se abra un caso en el tribunal testamentario. El testamento debe ser analizado por el tribunal, y todos los herederos y legatarios deben ser localizados y notificados de que el testamento ha sido aprobado. <a title=\"Enlace al proceso sucesorio\" href=\"https:\/\/collier-law.com\/es\/probate-process-overview\/\">proceso sucesorio<\/a> ha comenzado. Los acreedores tambi\u00e9n deben ser notificados de los procedimientos testamentarios. Los bienes y propiedades del difunto deben ser recopilados, desglosados para el tribunal, protegidos y preservados durante todo el proceso por el representante personal.<\/p>\n<p>El tribunal testamentario tambi\u00e9n debe estar continuamente informado de los avances en la liquidaci\u00f3n de la sucesi\u00f3n, y se deben preparar y presentar muchos documentos adicionales ante el tribunal durante la administraci\u00f3n. Estos documentos incluyen la prueba de que todos los herederos y legatarios han sido notificados de la sucesi\u00f3n, un inventario de los activos, una declaraci\u00f3n jurada que indique que todos los acreedores fueron debidamente atendidos y que se pagaron las reclamaciones v\u00e1lidas, y una o m\u00e1s cuentas detallando los ingresos y gastos relacionados con la sucesi\u00f3n.<\/p>\n<h2>Acreedores<\/h2>\n<p><img loading=\"lazy\" decoding=\"async\" title=\"Abogado testamentario cerca de m\u00ed Salem Or\" class=\"alignright wp-image-19419 size-medium\" height=\"233\" width=\"350\" alt=\"\" src=\"https:\/\/collier-law.com\/wp-content\/uploads\/2025\/04\/Probate-Attorney-Near-Me-McMinnville-OR-350x233.jpg\" srcset=\"https:\/\/collier-law.com\/wp-content\/uploads\/2025\/04\/Probate-Attorney-Near-Me-McMinnville-OR-350x233.jpg 350w, https:\/\/collier-law.com\/wp-content\/uploads\/2025\/04\/Probate-Attorney-Near-Me-McMinnville-OR-18x12.jpg 18w, https:\/\/collier-law.com\/wp-content\/uploads\/2025\/04\/Probate-Attorney-Near-Me-McMinnville-OR.jpg 450w\" sizes=\"auto, (max-width: 350px) 100vw, 350px\" \/><strong>El difunto tiene un mont\u00f3n de acreedores, \u00bfcu\u00e1les son mis pr\u00f3ximos pasos?<\/strong><br \/>No pague a ning\u00fan acreedor sin hablar con un abogado. Los acreedores s\u00f3lo pueden tener derecho al pago de los bienes del difunto, y usted no es personalmente responsable de pagar ninguna deuda. Los diferentes acreedores tienen diferentes niveles de prioridad para el pago de los activos de la sucesi\u00f3n y deben presentar cierta informaci\u00f3n al representante personal para ser considerados para el pago. Puede ser necesario abrir un proceso testamentario cuando hay una cantidad considerable de acreedores. El proceso testamentario garantizar\u00e1 que s\u00f3lo se paguen las reclamaciones v\u00e1lidas de los acreedores, cortar\u00e1 las reclamaciones de los acreedores si no se presentan a tiempo y resolver\u00e1 las disputas entre las personas que afirman que se les debe dinero. Si no hay dinero suficiente para pagar a todos los acreedores, la Ley de Oreg\u00f3n establece qu\u00e9 acreedores recibir\u00e1n primero el pago \u00edntegro y qu\u00e9 acreedores se repartir\u00e1n el saldo restante.<\/p>\n<h2>Determinar los valores<\/h2>\n<p>Se proporcionar\u00e1 al tribunal una estimaci\u00f3n inicial de los valores cuando se presente el caso por primera vez ante el tribunal. Una vez designado el Representante Personal, \u00e9ste iniciar\u00e1 el proceso de b\u00fasqueda e inventario de bienes. Este proceso puede incluir la tasaci\u00f3n de bienes inmuebles, la recopilaci\u00f3n de extractos bancarios de la fecha del fallecimiento, la tasaci\u00f3n de joyas o antig\u00fcedades, u otras medidas formales o informales para determinar el valor. Una vez recopilada esa informaci\u00f3n, se presentar\u00e1 ante el tribunal un inventario de los bienes.<\/p>\n<h2>Asesoramiento sucesorio<\/h2>\n<p><strong>\u00bfPor qu\u00e9 necesito un abogado?<\/strong><br \/>La legalizaci\u00f3n de un testamento en Oreg\u00f3n implica una buena cantidad de papeleo legal que debe ser presentado con prontitud. Para lograr los resultados deseados, la sucesi\u00f3n debe ser llevada a cabo por un abogado que comprenda los aspectos legales involucrados. La mayor\u00eda de los tribunales testamentarios de Oreg\u00f3n no permitir\u00e1n que una persona avance como representante personal en un proceso testamentario completo sin un abogado porque el proceso es demasiado complejo. Un abogado testamentario puede ayudar a garantizar que todos los acreedores sean tratados correctamente de acuerdo con la ley de Oregon, que todos los activos se consoliden en la sucesi\u00f3n y se distribuyan a los beneficiarios correctos, que se aborden todas las declaraciones de impuestos sobre la renta y el patrimonio, y otras cuestiones que puedan surgir. Hay muchos deberes y requisitos del representante personal que un abogado puede asegurar que se cumplan a la perfecci\u00f3n. De hecho, en muchos condados, el tribunal requiere que todos los fiduciarios designados por el tribunal completen una clase de capacitaci\u00f3n despu\u00e9s del nombramiento para ayudarles a comprender mejor sus obligaciones legales.<\/p>\n<p>El equipo legal de Collier Law est\u00e1 aqu\u00ed para ayudarle con los procedimientos de sucesi\u00f3n en McMinnville, y las \u00e1reas circundantes. Por favor llame a nuestra oficina para programar una consulta con uno de nuestros abogados experimentados.<\/p>\n\n\n<p><\/p>","protected":false},"excerpt":{"rendered":"<p>Collier Law near McMinnville is experienced in all aspects of probate law. Our practice focuses exclusively on wills, trusts, probate,&hellip;<\/p>","protected":false},"author":4,"featured_media":19418,"parent":0,"menu_order":0,"comment_status":"closed","ping_status":"closed","template":"page-service-template.php","meta":{"_acf_changed":false,"footnotes":""},"class_list":["post-19414","page","type-page","status-publish","has-post-thumbnail","hentry"],"acf":[],"meta_description":"When you need a probate attorney near McMinnville OR give us a call. At Collier Law, we strive to make these difficult situations easier for our clients. Call today!","meta_title":"","yoast_meta_title":"","yoast_meta_description":"","service_name":"Probate Attorney","service_description":"The probate process can be a very difficult process to go through. The lawyers at Collier Law not only have years of experience with the complexities involved in the probate process but they also sympathize with all of our clients that are going through these difficult times. When you work with us you work with lawyers who not only have the knowledge and skill to achieve desirable results but who also support you and try to make the process as simple as possible.","service_image":"https:\/\/collier-law.com\/wp-content\/uploads\/2025\/04\/Probate-Attorney-McMinnville-OR.jpg","schema_address":"1","_links":{"self":[{"href":"https:\/\/collier-law.com\/es\/wp-json\/wp\/v2\/pages\/19414","targetHints":{"allow":["GET"]}}],"collection":[{"href":"https:\/\/collier-law.com\/es\/wp-json\/wp\/v2\/pages"}],"about":[{"href":"https:\/\/collier-law.com\/es\/wp-json\/wp\/v2\/types\/page"}],"author":[{"embeddable":true,"href":"https:\/\/collier-law.com\/es\/wp-json\/wp\/v2\/users\/4"}],"replies":[{"embeddable":true,"href":"https:\/\/collier-law.com\/es\/wp-json\/wp\/v2\/comments?post=19414"}],"version-history":[{"count":1,"href":"https:\/\/collier-law.com\/es\/wp-json\/wp\/v2\/pages\/19414\/revisions"}],"predecessor-version":[{"id":19420,"href":"https:\/\/collier-law.com\/es\/wp-json\/wp\/v2\/pages\/19414\/revisions\/19420"}],"wp:featuredmedia":[{"embeddable":true,"href":"https:\/\/collier-law.com\/es\/wp-json\/wp\/v2\/media\/19418"}],"wp:attachment":[{"href":"https:\/\/collier-law.com\/es\/wp-json\/wp\/v2\/media?parent=19414"}],"curies":[{"name":"wp","href":"https:\/\/api.w.org\/{rel}","templated":true}]}}