{"id":1952,"date":"2020-05-11T14:13:17","date_gmt":"2020-05-11T21:13:17","guid":{"rendered":"https:\/\/collier-law.com\/?page_id=1952"},"modified":"2025-10-10T15:13:27","modified_gmt":"2025-10-10T22:13:27","slug":"probate-process-overview","status":"publish","type":"page","link":"https:\/\/collier-law.com\/es\/probate-process-overview\/","title":{"rendered":"Proceso sucesorio"},"content":{"rendered":"<h2>\u00bfQu\u00e9 ocurre durante el proceso sucesorio?<\/h2>\n<h3>Puesta en marcha<\/h3>\n<p>Se presenta una petici\u00f3n ante el tribunal, bien solicitando que el tribunal admita el testamento a tr\u00e1mite, bien abriendo una sucesi\u00f3n intestada (sucesi\u00f3n sin testamento). Se \"prueba\" el testamento y se entrega la copia original al tribunal. El testamento de la persona fallecida puede probarse mediante una declaraci\u00f3n jurada de los testigos del testamento. Normalmente, esto ya se hace cuando se firma el testamento original. Si no se dispone de tal declaraci\u00f3n jurada, se requerir\u00e1 la presencia personal de los testigos en el tribunal testamentario para testificar que en el momento en que se firm\u00f3 el testamento, la persona fallecida estaba en pleno uso de sus facultades mentales y era consciente de las circunstancias.<\/p>\n<p>Se elige un representante personal. Un representante personal es designado por el tribunal para gestionar los asuntos de la persona fallecida. Un testamento generalmente nombra a un representante personal que, si est\u00e1 dispuesto a servir y calificado, ser\u00e1 aprobado por el tribunal. Si una persona fallece sin testamento, el tribunal elegir\u00e1 al representante personal, que suele ser el c\u00f3nyuge superviviente, un hijo adulto u otro pariente cercano. La ley de Oreg\u00f3n establece una preferencia sobre qui\u00e9n es el siguiente en la l\u00ednea de sucesi\u00f3n. Si estas personas no est\u00e1n disponibles o dispuestas a ser el representante personal, el tribunal puede elegir a un fiduciario profesional.<\/p>\n<p>Los herederos y las personas nombradas en el testamento son notificados del procedimiento sucesorio.<\/p>\n<h3>Identificaci\u00f3n de activos<\/h3>\n<p>Se identifican los bienes sucesorios, se prepara un inventario y se presenta ante el tribunal. El representante personal se encarga de identificar y valorar los bienes sucesorios de la persona fallecida. No todos los bienes deben pasar por el proceso de sucesi\u00f3n. S\u00f3lo los activos que no tienen un propietario superviviente o beneficiario designado est\u00e1n sujetos a la jurisdicci\u00f3n del tribunal. Al identificar los bienes, el representante personal suele tener conocimiento de los bienes no testamentarios. Dependiendo del tipo de bienes y de los registros dejados por la persona fallecida, este paso puede ser bastante sencillo, o dif\u00edcil y lento.<\/p>\n<h3>Gesti\u00f3n de acreedores<\/h3>\n<p>Se publica un aviso a los acreedores desconocidos en un peri\u00f3dico local. Este aviso p\u00fablico a los acreedores les da un plazo de cuatro meses para presentar reclamaciones contra la herencia por las deudas que la persona fallecida tenga con ellos. El representante personal tambi\u00e9n notifica por escrito a todos los acreedores conocidos y posibles.<\/p>\n<p>Las deudas se determinan y finalmente se pagan. El representante personal se asegura de que se pague a los acreedores v\u00e1lidos. Los acreedores deben ser reembolsados con cargo a la herencia antes de que los activos restantes de la herencia puedan ser distribuidos a los beneficiarios.<\/p>\n<h3>Impuestos<\/h3>\n<p>Por lo general, el representante personal debe consultar con un profesional fiscal acerca de las declaraciones finales del impuesto sobre la renta del difunto y cualquier requisito del impuesto sobre sucesiones. Con la asistencia del contador p\u00fablico, el representante personal prepara las declaraciones de impuestos finales en nombre del difunto, incluidas las declaraciones de impuestos individuales, las declaraciones de impuestos sobre sucesiones o herencias, si es necesario, y paga los impuestos adeudados con los fondos del patrimonio.<\/p>\n<h3>Cierre de la herencia<\/h3>\n<p>La rendici\u00f3n de cuentas ante el tribunal es el \u00faltimo paso. El representante personal prepara y presenta una contabilidad a los beneficiarios nombrados en el testamento, o a los herederos legales si no hay testamento. Los beneficiarios tienen la oportunidad de oponerse a la contabilidad o pueden renunciar a su derecho a oponerse para completar m\u00e1s r\u00e1pidamente esta tarea final. Esta contabilidad tambi\u00e9n se presentar\u00e1 al tribunal para su revisi\u00f3n y aprobaci\u00f3n. La contabilidad muestra todo el dinero pagado por la herencia y todo el dinero recaudado por la herencia. Tambi\u00e9n contiene una explicaci\u00f3n de las acciones importantes tomadas en relaci\u00f3n con la liquidaci\u00f3n de la herencia. En esta fase, el tribunal aprueba el pago de los honorarios y costes de los abogados, los honorarios de preparaci\u00f3n de impuestos, los honorarios legales del representante personal, el reembolso de los gastos de bolsillo y otros gastos pendientes similares con cargo a los fondos de la sucesi\u00f3n.<\/p>\n<p>Tras la aprobaci\u00f3n judicial de la contabilidad y el pago de todos los gastos de sucesi\u00f3n pendientes, los bienes de la persona fallecida se distribuyen a las personas o entidades designadas en el testamento o, si la persona falleci\u00f3 sin testamento, a los herederos legales.<\/p>\n<h2>\u00bfCu\u00e1nto dura el proceso de sucesi\u00f3n?<\/h2>\n<p>La sucesi\u00f3n puede iniciarse inmediatamente despu\u00e9s del fallecimiento y suele durar entre nueve y dieciocho meses. En las peque\u00f1as sucesiones, hay un per\u00edodo de espera de 30 d\u00edas antes de poder presentar la documentaci\u00f3n ante el tribunal. Por lo general, la sucesi\u00f3n de un peque\u00f1o patrimonio tarda entre seis y nueve meses en completarse.<\/p>\n<h3>Factores que pueden aumentar el tiempo y los gastos de la sucesi\u00f3n:<\/h3>\n<ul>\n<li>Disputas entre herederos o beneficiarios<\/li>\n<li>Bienes inmuebles que deben venderse<\/li>\n<li>Certificados individuales de acciones u obligaciones que deben tramitarse<\/li>\n<li>Asuntos fiscales complicados<\/li>\n<\/ul>\n<h2>\u00bfCu\u00e1les son los costes?<\/h2>\n<p>Seg\u00fan la ley de Oreg\u00f3n, un representante personal tiene derecho a percibir unos honorarios por el trabajo de liquidaci\u00f3n de la herencia. En Oreg\u00f3n se establece un porcentaje fijo del valor total de la herencia. A veces, el tribunal aprueba honorarios adicionales por el trabajo extraordinario del representante personal. Los gastos pagados directamente por el representante personal deben ser aprobados por el tribunal. Otros gastos incluyen las tasas de presentaci\u00f3n ante el tribunal, las tasas de notificaci\u00f3n legal por publicaci\u00f3n en el peri\u00f3dico local y cualquier otro gasto necesario, como las tasas de tasaci\u00f3n. Los abogados y su personal de apoyo generalmente cobran una tarifa horaria por sus servicios, y todos los honorarios y gastos de abogados deben ser aprobados por el tribunal antes de que el pago pueda hacerse con los fondos del patrimonio.<\/p>","protected":false},"excerpt":{"rendered":"<p>\u00bfQu\u00e9 ocurre durante el proceso sucesorio? Puesta en marcha Se presenta una petici\u00f3n ante el tribunal, bien solicitando la...<\/p>","protected":false},"author":4,"featured_media":0,"parent":0,"menu_order":0,"comment_status":"closed","ping_status":"closed","template":"","meta":{"_acf_changed":false,"footnotes":""},"class_list":["post-1952","page","type-page","status-publish","hentry"],"acf":[],"meta_description":"Collier Law can help with wills, trusts, powers of attorney, and other advanced estate planning techniques, schedule your free estate planning consult today!","meta_title":"","yoast_meta_title":"","yoast_meta_description":"","service_name":null,"service_description":null,"service_image":null,"schema_address":"","_links":{"self":[{"href":"https:\/\/collier-law.com\/es\/wp-json\/wp\/v2\/pages\/1952","targetHints":{"allow":["GET"]}}],"collection":[{"href":"https:\/\/collier-law.com\/es\/wp-json\/wp\/v2\/pages"}],"about":[{"href":"https:\/\/collier-law.com\/es\/wp-json\/wp\/v2\/types\/page"}],"author":[{"embeddable":true,"href":"https:\/\/collier-law.com\/es\/wp-json\/wp\/v2\/users\/4"}],"replies":[{"embeddable":true,"href":"https:\/\/collier-law.com\/es\/wp-json\/wp\/v2\/comments?post=1952"}],"version-history":[{"count":8,"href":"https:\/\/collier-law.com\/es\/wp-json\/wp\/v2\/pages\/1952\/revisions"}],"predecessor-version":[{"id":2219,"href":"https:\/\/collier-law.com\/es\/wp-json\/wp\/v2\/pages\/1952\/revisions\/2219"}],"wp:attachment":[{"href":"https:\/\/collier-law.com\/es\/wp-json\/wp\/v2\/media?parent=1952"}],"curies":[{"name":"wp","href":"https:\/\/api.w.org\/{rel}","templated":true}]}}