{"id":1956,"date":"2020-05-11T14:17:40","date_gmt":"2020-05-11T21:17:40","guid":{"rendered":"https:\/\/collier-law.com\/?page_id=1956"},"modified":"2025-10-10T15:13:27","modified_gmt":"2025-10-10T22:13:27","slug":"revocable-living-trusts","status":"publish","type":"page","link":"https:\/\/collier-law.com\/es\/revocable-living-trusts\/","title":{"rendered":"Fideicomisos testamentarios revocables"},"content":{"rendered":"<h2>\n<p style=\"text-align: center;\">Piense en un fideicomiso<\/p>\n<\/h2>\n<h2>Ventajas de los fideicomisos testamentarios revocables<\/h2>\n<h3>Evitar la sucesi\u00f3n<\/h3>\n<p>En particular, un fideicomiso testamentario revocable puede evitar m\u00faltiples procedimientos testamentarios costosos y lentos cuando se poseen bienes inmuebles en distintos estados, as\u00ed como evitar la publicaci\u00f3n de los detalles financieros de su patrimonio, que de otro modo ser\u00edan privados. A menudo, el coste de liquidar un fideicomiso es sustancialmente menor que el de liquidar un testamento.<\/p>\n<h3>Evitar la tutela<\/h3>\n<p>Un fideicomiso revocable puede evitar el coste adicional de una curatela supervisada por un tribunal en caso de incapacidad, y puede establecer de forma privada las personas que le ayudar\u00e1n a gestionar los bienes.<\/p>\n<h3>Distribuci\u00f3n eficiente<\/h3>\n<p>Un fideicomiso revocable puede reducir los retrasos en la distribuci\u00f3n de sus bienes tras su fallecimiento. Por lo general, un fideicomisario puede tomar el control de sus bienes y empezar a pagar las facturas pendientes de forma r\u00e1pida y m\u00e1s eficaz que en un juicio testamentario. Un fideicomiso tambi\u00e9n evita el exigente calendario y los numerosos documentos requeridos por los tribunales testamentarios.<\/p>\n<h3>Confidencialidad<\/h3>\n<p>Por lo general, los t\u00e9rminos de su fideicomiso revocable y sus activos son confidenciales, y s\u00f3lo los beneficiarios nombrados y el fideicomisario tienen acceso a esa informaci\u00f3n.<\/p>\n<h3>Continuidad<\/h3>\n<p>Un fideicomiso puede garantizar la continuidad de la gesti\u00f3n de sus bienes en caso de incapacidad o fallecimiento.<\/p>\n<h3>Flexibilidad<\/h3>\n<p>Un fideicomiso bien redactado puede abordar cuestiones de protecci\u00f3n de activos, como la protecci\u00f3n de activos para sus beneficiarios en caso de demandas, problemas con acreedores o divorcio. Un fideicomiso bien redactado puede incluso ayudar a un beneficiario a mantener su elegibilidad para las prestaciones del gobierno al tiempo que recibe su herencia. Los menores que vayan a recibir fondos del fideicomiso pueden hacer que los gestione un adulto designado por usted hasta que el menor alcance una edad determinada.<\/p>\n<h2>\u00bfCu\u00e1les son los inconvenientes de un fideicomiso testamentario revocable?<\/h2>\n<h3>Gastos de planificaci\u00f3n<\/h3>\n<p>La redacci\u00f3n de un fideicomiso testamentario revocable es m\u00e1s complicada que la de un testamento, y las transferencias de activos pueden llevar tiempo y acarrear costes adicionales. Sin embargo, estos costes suelen compensarse evitando el proceso sucesorio.<\/p>\n<h3>Gastos de liquidaci\u00f3n<\/h3>\n<p>Muchas personas eligen a familiares o amigos para gestionar sus asuntos en caso de incapacidad o fallecimiento. Sin embargo, si nombra fideicomisario a un banco o a una sociedad fiduciaria, tendr\u00e1 que pagar comisiones (aunque \u00e9stas pueden sustituir a las comisiones de asesoramiento de inversiones y otras comisiones que ya est\u00e9 pagando). Como nota, constituir un fideicomiso testamentario revocable en lugar de un testamento no elimina la necesidad de servicios profesionales de abogados y contables en el futuro.<\/p>\n<h3>Diligencia continua<\/h3>\n<p>Una vez constituido el fideicomiso, debe asegurarse de que todos los bienes est\u00e1n debidamente titulados al fideicomiso, as\u00ed como los bienes que adquiera en el futuro. Las personas que tratan con el fideicomisario (como los bancos y las compa\u00f1\u00edas de seguros de t\u00edtulo) pueden querer revisar ciertas disposiciones del fideicomiso para confirmar los poderes y deberes del fideicomisario. Collier Law acompa\u00f1a a sus clientes a trav\u00e9s de este proceso para ayudarles a confirmar que cada una de estas piezas est\u00e1 completa. Tambi\u00e9n servimos como un recurso continuo para nuestros clientes a medida que adquieren nuevos activos en el futuro.<\/p>\n<h3>Complejidad<\/h3>\n<p>Los fideicomisos testamentarios revocables suelen ser m\u00e1s complejos que los testamentos y requieren que preste un poco m\u00e1s de atenci\u00f3n a sus bienes en el futuro.<\/p>\n<h3>Problemas imprevistos<\/h3>\n<p>Los fideicomisos testamentarios revocables pueden plantear una serie de nuevos retos en relaci\u00f3n con la capacidad de obtener pr\u00e9stamos sobre la propiedad, la cobertura del seguro de t\u00edtulos, los bienes inmuebles en otros pa\u00edses, las acciones del Subcap\u00edtulo S, determinadas distribuciones de pensiones y otras cuestiones. S\u00f3lo un abogado especializado en planificaci\u00f3n patrimonial puede decirle si un fideicomiso testamentario revocable es la mejor herramienta de planificaci\u00f3n patrimonial para usted, sus beneficiarios y sus bienes.<\/p>","protected":false},"excerpt":{"rendered":"<p>Considere la posibilidad de un fideicomiso Ventajas de los fideicomisos testamentarios revocables Evitar la sucesi\u00f3n testamentaria En concreto, un fideicomiso...<\/p>","protected":false},"author":4,"featured_media":0,"parent":0,"menu_order":0,"comment_status":"closed","ping_status":"closed","template":"","meta":{"_acf_changed":false,"footnotes":""},"class_list":["post-1956","page","type-page","status-publish","hentry"],"acf":[],"meta_description":"Collier Law can help with wills, trusts, powers of attorney, and other advanced estate planning techniques, schedule your free estate planning consult today!","meta_title":"","yoast_meta_title":"","yoast_meta_description":"","service_name":null,"service_description":null,"service_image":null,"schema_address":"","_links":{"self":[{"href":"https:\/\/collier-law.com\/es\/wp-json\/wp\/v2\/pages\/1956","targetHints":{"allow":["GET"]}}],"collection":[{"href":"https:\/\/collier-law.com\/es\/wp-json\/wp\/v2\/pages"}],"about":[{"href":"https:\/\/collier-law.com\/es\/wp-json\/wp\/v2\/types\/page"}],"author":[{"embeddable":true,"href":"https:\/\/collier-law.com\/es\/wp-json\/wp\/v2\/users\/4"}],"replies":[{"embeddable":true,"href":"https:\/\/collier-law.com\/es\/wp-json\/wp\/v2\/comments?post=1956"}],"version-history":[{"count":5,"href":"https:\/\/collier-law.com\/es\/wp-json\/wp\/v2\/pages\/1956\/revisions"}],"predecessor-version":[{"id":2177,"href":"https:\/\/collier-law.com\/es\/wp-json\/wp\/v2\/pages\/1956\/revisions\/2177"}],"wp:attachment":[{"href":"https:\/\/collier-law.com\/es\/wp-json\/wp\/v2\/media?parent=1956"}],"curies":[{"name":"wp","href":"https:\/\/api.w.org\/{rel}","templated":true}]}}