{"id":1958,"date":"2020-05-11T14:20:44","date_gmt":"2020-05-11T21:20:44","guid":{"rendered":"https:\/\/collier-law.com\/?page_id=1958"},"modified":"2025-10-10T15:13:28","modified_gmt":"2025-10-10T22:13:28","slug":"trust-settlement-overview","status":"publish","type":"page","link":"https:\/\/collier-law.com\/es\/trust-settlement-overview\/","title":{"rendered":"Resumen de la liquidaci\u00f3n del fideicomiso"},"content":{"rendered":"<h2>Visi\u00f3n general de las obligaciones y responsabilidades de un fideicomisario sucesor<\/h2>\n<h3>Obligaciones generales del administrador sucesor<\/h3>\n<p>Un fideicomisario sucesor est\u00e1 autorizado a ocuparse de todas las facetas del patrimonio fiduciario. El fideicomisario sucesor tiene un deber fiduciario con cada beneficiario y cada acreedor. Tiene que tratar los activos del fideicomiso con el mismo criterio que utiliza un banco para salvaguardar sus activos. Deben administrar el fideicomiso \u00fanicamente en el mejor inter\u00e9s de los beneficiarios. Un fideicomisario sucesor tambi\u00e9n debe a los beneficiarios un deber de imparcialidad: no puede preferir a un beneficiario sobre otro. Debe controlar y proteger todos los bienes del fideicomiso. El fideicomisario sucesor tambi\u00e9n debe llevar registros. Por \u00faltimo, el fideicomisario sucesor debe informar e informar sobre la administraci\u00f3n del fideicomiso.<\/p>\n<h3>Cuenta corriente fiduciaria y n\u00famero de identificaci\u00f3n fiscal<\/h3>\n<p>Tras el fallecimiento del fideicomitente, Hacienda debe asignar un n\u00famero de identificaci\u00f3n fiscal independiente al fideicomiso. Se crea una nueva cuenta fiduciaria con este n\u00famero de identificaci\u00f3n fiscal. Esa cuenta centralizada generalmente recibe todos los activos a medida que se consolidan y se cierran las cuentas antiguas. Un abogado o profesional fiscal puede ayudarle a asegurarse de que el nombre del fideicomiso es correcto, ya que muchos fideicomisos se identifican con nombres modificados tras el fallecimiento del otorgante.<\/p>\n<h3>Avisos<\/h3>\n<p>Un fideicomisario debe mantener a los \"beneficiarios cualificados\" del fideicomiso razonablemente informados sobre la liquidaci\u00f3n del fideicomiso y sobre los hechos materiales necesarios para que los beneficiarios protejan sus intereses. Los beneficiarios cualificados son los beneficiarios primarios y secundarios del fideicomiso y deben recibir los activos del fideicomiso. Los beneficiarios cualificados deben recibir puntualmente determinada informaci\u00f3n, incluida una copia completa del fideicomiso junto con una notificaci\u00f3n de que el fideicomiso se convirti\u00f3 en irrevocable tras el fallecimiento del otorgante o los otorgantes.<\/p>\n<p>Al menos una vez al a\u00f1o, y una vez finalizado el fideicomiso, debe enviarse un informe fiduciario a determinadas personas. El informe debe incluir una lista de los bienes y pasivos del fideicomiso, el valor de mercado de todos los activos y todos los ingresos y desembolsos de los bienes del fideicomiso. Se puede renunciar a este requisito si todos los beneficiarios cualificados est\u00e1n de acuerdo, pero no siempre es una buena idea renunciar a este requisito.<\/p>\n<h3>Inventario<\/h3>\n<p>Debe elaborarse un inventario de los activos del fideicomiso y entregarse a los beneficiarios. Si un activo est\u00e1 \u00fanicamente a nombre del difunto, puede ser necesario un proceso judicial para transferir los bienes del difunto al fideicomiso.<\/p>\n<h3>Declaraciones fiscales<\/h3>\n<p>El fideicomisario sucesor deber\u00e1 asegurarse de que se preparen las declaraciones finales del impuesto sobre la renta para su presentaci\u00f3n ante el Estado y el IRS. Si son necesarias declaraciones de impuestos fiduciarios u otras declaraciones, el fideicomisario sucesor tambi\u00e9n debe asegurarse de que se preparen. El fideicomisario sucesor tambi\u00e9n debe asegurarse de que todas las declaraciones de impuestos relacionados con el patrimonio se presenten con prontitud. Si se presentan declaraciones de impuestos sobre sucesiones y donaciones, es posible que se necesiten tasaciones cualificadas para determinados activos.<\/p>\n<h3>Distribuciones<\/h3>\n<p>Cuando se hayan presentado todas las declaraciones fiscales necesarias y se haya pagado a los acreedores, el fideicomiso estar\u00e1 listo para su distribuci\u00f3n. A continuaci\u00f3n, el fideicomisario sucesor prepara un informe final del fideicomisario, en el que da cuenta de todos los ingresos y desembolsos de la propiedad fiduciaria a los beneficiarios, que incluir\u00e1 una propuesta de distribuci\u00f3n. El fideicomisario tambi\u00e9n debe revelar cualquier comisi\u00f3n que se proponga cobrar. Una vez aprobadas las distribuciones propuestas o transcurrido el plazo para oponerse, los bienes se distribuyen a los beneficiarios, junto con los recibos que \u00e9stos firman.<\/p>\n<h2>\u00bfCu\u00e1nto tarda la liquidaci\u00f3n del fideicomiso?<\/h2>\n<p>La liquidaci\u00f3n del fideicomiso puede iniciarse inmediatamente despu\u00e9s del fallecimiento y suele tardar entre seis y dieciocho meses. Algunas tareas no pueden abordarse hasta que se dispone del certificado de defunci\u00f3n.<\/p>\n<h3>Factores que pueden aumentar el tiempo y los gastos de la liquidaci\u00f3n del fideicomiso:<\/h3>\n<ul>\n<li>Disputas entre herederos o beneficiarios<\/li>\n<li>Bienes inmuebles que deben venderse<\/li>\n<li>Certificados individuales de acciones u obligaciones que deben tramitarse<\/li>\n<li>Asuntos fiscales complicados<\/li>\n<\/ul>\n<h2>\u00bfCu\u00e1les son los costes?<\/h2>\n<p>En virtud de la legislaci\u00f3n de Oreg\u00f3n, un fideicomisario tiene derecho a percibir honorarios por el trabajo de liquidaci\u00f3n del fideicomiso. El fideicomiso puede establecer el importe de la remuneraci\u00f3n de un fideicomisario, o bien el fideicomisario puede aceptar una remuneraci\u00f3n razonable basada en los servicios prestados. Por lo general, un fideicomisario notifica su intenci\u00f3n de recibir una compensaci\u00f3n y el importe de la misma antes de pagarse a s\u00ed mismo. Muchos fideicomisarios optan por hacer un seguimiento de su tiempo y cobrar una tarifa por hora. Otros costes incluyen las tasas de registro del condado y cualquier otro gasto necesario, como las tasas de tasaci\u00f3n. Los abogados y su personal de apoyo suelen cobrar una tarifa horaria por sus servicios, y los honorarios legales pueden pagarse con fondos fiduciarios.<\/p>\n<p>Este documento ofrece un resumen de las obligaciones b\u00e1sicas de un fideicomisario sucesor de un fideicomiso. No sustituye al asesoramiento jur\u00eddico. Si ejerce como fideicomisario, le recomendamos que trabaje con un abogado que pueda asesorarle sobre las cuestiones espec\u00edficas que est\u00e9 tratando.<\/p>","protected":false},"excerpt":{"rendered":"<p>Visi\u00f3n general de las obligaciones y responsabilidades de un fideicomisario sucesor Obligaciones generales de un fideicomisario sucesor Un fideicomisario sucesor est\u00e1 autorizado a tratar...<\/p>","protected":false},"author":4,"featured_media":0,"parent":0,"menu_order":0,"comment_status":"closed","ping_status":"closed","template":"","meta":{"_acf_changed":false,"footnotes":""},"class_list":["post-1958","page","type-page","status-publish","hentry"],"acf":[],"meta_description":"Collier Law can help with wills, trusts, powers of attorney, and other advanced estate planning techniques, schedule your free estate planning consult today!","meta_title":"","yoast_meta_title":"","yoast_meta_description":"","service_name":null,"service_description":null,"service_image":null,"schema_address":"","_links":{"self":[{"href":"https:\/\/collier-law.com\/es\/wp-json\/wp\/v2\/pages\/1958","targetHints":{"allow":["GET"]}}],"collection":[{"href":"https:\/\/collier-law.com\/es\/wp-json\/wp\/v2\/pages"}],"about":[{"href":"https:\/\/collier-law.com\/es\/wp-json\/wp\/v2\/types\/page"}],"author":[{"embeddable":true,"href":"https:\/\/collier-law.com\/es\/wp-json\/wp\/v2\/users\/4"}],"replies":[{"embeddable":true,"href":"https:\/\/collier-law.com\/es\/wp-json\/wp\/v2\/comments?post=1958"}],"version-history":[{"count":5,"href":"https:\/\/collier-law.com\/es\/wp-json\/wp\/v2\/pages\/1958\/revisions"}],"predecessor-version":[{"id":2179,"href":"https:\/\/collier-law.com\/es\/wp-json\/wp\/v2\/pages\/1958\/revisions\/2179"}],"wp:attachment":[{"href":"https:\/\/collier-law.com\/es\/wp-json\/wp\/v2\/media?parent=1958"}],"curies":[{"name":"wp","href":"https:\/\/api.w.org\/{rel}","templated":true}]}}