{"id":2621,"date":"2020-11-25T12:26:02","date_gmt":"2020-11-25T20:26:02","guid":{"rendered":"https:\/\/collier-law.com\/?page_id=2621"},"modified":"2023-02-01T08:35:39","modified_gmt":"2023-02-01T16:35:39","slug":"estate-planning-attorney-mcminnville-or","status":"publish","type":"page","link":"https:\/\/collier-law.com\/es\/estate-planning-attorney-mcminnville-or\/","title":{"rendered":"Abogado de Planificaci\u00f3n Patrimonial McMinnville OR"},"content":{"rendered":"<h2><img loading=\"lazy\" decoding=\"async\" title=\"Planificaci\u00f3n Patrimonial McMinnville OR\" src=\"https:\/\/collier-law.com\/wp-content\/uploads\/2022\/10\/Estate-Planning-Attorney-McMinnville-OR-350x233.jpg\" alt=\"Estate Planning Attorney McMinnville OR\" width=\"350\" height=\"233\" class=\"alignright wp-image-15306 size-medium\" srcset=\"https:\/\/collier-law.com\/wp-content\/uploads\/2022\/10\/Estate-Planning-Attorney-McMinnville-OR-350x233.jpg 350w, https:\/\/collier-law.com\/wp-content\/uploads\/2022\/10\/Estate-Planning-Attorney-McMinnville-OR.jpg 450w\" sizes=\"auto, (max-width: 350px) 100vw, 350px\" \/><\/h2>\n<h2><span style=\"font-weight: 400;\">Encuentre hoy un abogado patrimonialista de confianza<\/span><\/h2>\n<p><span style=\"font-weight: 400;\">Collier Law cerca de McMinnville tiene experiencia en todos los aspectos de la planificaci\u00f3n patrimonial. Nuestra pr\u00e1ctica se centra exclusivamente en la planificaci\u00f3n patrimonial, administraci\u00f3n de fideicomisos, y <\/span><a href=\"https:\/\/collier-law.com\/es\/probate-process-overview\/\"><span style=\"font-weight: 400;\">testamentario<\/span><\/a><span style=\"font-weight: 400;\">.<\/span><\/p>\n<p><span style=\"font-weight: 400;\">Un plan b\u00e1sico de sucesi\u00f3n es un conjunto de documentos que incluye un testamento, posiblemente un fideicomiso revocable en vida, y documentos auxiliares como un Poder Notarial Duradero, Directivas Anticipadas, Liberaci\u00f3n de HIPAA, y m\u00e1s. Estas herramientas legales ayudan a las personas y a las parejas a planificar y hacer frente a la enfermedad, la incapacidad y la muerte. Adem\u00e1s, estas herramientas jur\u00eddicas desempe\u00f1an un papel importante a la hora de reducir los impuestos sobre el patrimonio, facilitar la transici\u00f3n de una empresa y ayudar a los hijos menores.<\/span><\/p>\n<h2>Confianza personal<\/h2>\n<p><span style=\"font-weight: 400;\">Un fideicomiso en vida,<\/span> <span style=\"font-weight: 400;\">tambi\u00e9n conocido como fideicomiso testamentario revocable, es una herramienta de planificaci\u00f3n patrimonial flexible y habitual. Un fideicomiso testamentario revocable es un acuerdo escrito por el que se nombra a un fideicomisario para que administre los bienes propiedad del fideicomiso. Por lo general, los fideicomisos evitan por completo el tribunal testamentario, lo que los convierte en una herramienta popular en Oreg\u00f3n.<\/span><\/p>\n<p><span style=\"font-weight: 400;\">Una nueva<\/span> <span style=\"font-weight: 400;\">El fideicomiso creado a\u00fan no posee ning\u00fan activo o propiedad, por lo que debe ser \"financiado\" por las personas que lo crearon. Las personas que crean un fideicomiso revocable se denominan otorgantes.<\/span> <span style=\"font-weight: 400;\">pero tambi\u00e9n se les puede llamar fideicomitentes o fideicomitentes. La financiaci\u00f3n de un fideicomiso es el proceso por el cual los otorgantes cambiar\u00e1n la titularidad de sus activos para que pasen a ser propiedad del fideicomiso. Los otorgantes seguir\u00e1n gestionando sus activos de la misma forma que lo hac\u00edan antes de la creaci\u00f3n del trust. Sin embargo, ahora lo har\u00e1n como los actuales fideicomisarios del fideicomiso. Todos los activos seguir\u00e1n bajo su control y permanecer\u00e1n bajo su n\u00famero de la seguridad social.<\/span><\/p>\n<p><span style=\"font-weight: 400;\">Durante su vida, usted ser\u00e1 tanto el fideicomitente como el fideicomisario de su fideicomiso. Si necesita ayuda para gestionar sus asuntos financieros, el fideicomiso describir\u00e1 qui\u00e9n puede intervenir como fideicomisario sucesor y en qu\u00e9 circunstancias esa persona le ayudar\u00e1.<\/span><\/p>\n<p><span style=\"font-weight: 400;\">A su fallecimiento, el fideicomiso ser\u00e1 irrevocable. Una vez que el fideicomiso es irrevocable, generalmente no puede modificarse ni cancelarse. En ese momento, el fideicomisario sucesor se har\u00e1 cargo de la gesti\u00f3n de los activos del fideicomiso de acuerdo con sus deseos y la legislaci\u00f3n vigente.<\/span> <span style=\"font-weight: 400;\">disposiciones del fideicomiso. Esas disposiciones tambi\u00e9n describen a los beneficiarios que recibir\u00e1n o heredar\u00e1n activos y bienes de su fideicomiso tras su fallecimiento.<\/span><\/p>\n<h2>Gesti\u00f3n fiduciaria<\/h2>\n<p><b>\u00bfC\u00f3mo puedo asegurarme de que mis pertenencias acaben en buenas manos cuando me haya ido?<\/b><\/p>\n<p><span style=\"font-weight: 400;\"><\/span><span style=\"font-weight: 400;\">Un fideicomiso testamentario revocable proporcionar\u00e1 instrucciones para la distribuci\u00f3n de sus bienes tras su fallecimiento. El fideicomisario sucesor que designe en el fideicomiso gestionar\u00e1 los bienes fideicomitidos tras su fallecimiento en calidad de fiduciario. Esto significa que el fideicomisario tiene ciertas obligaciones para con los beneficiarios, incluida la obligaci\u00f3n de lealtad. Si el fiduciario incumple estos deberes, puede ser considerado responsable de sus actos.<\/span><\/p>\n<p>Para saber m\u00e1s sobre c\u00f3mo se liquidar\u00e1 su fideicomiso a su fallecimiento, <a title=\"Enlace al resumen de la liquidaci\u00f3n del fideicomiso\" href=\"https:\/\/collier-law.com\/es\/trust-settlement-overview\/\">pulse aqu\u00ed<\/a>.<\/p>\n<h2>Protecci\u00f3n de activos<\/h2>\n<p><img loading=\"lazy\" decoding=\"async\" title=\"Abogado de Planificaci\u00f3n Patrimonial McMinnville OR\" src=\"https:\/\/collier-law.com\/wp-content\/uploads\/2022\/10\/Estate-Attorney-McMinnville-OR-350x233.jpg\" alt=\"Estate Attorney McMinnville OR\" width=\"350\" height=\"233\" class=\"alignright wp-image-15305 size-medium\" srcset=\"https:\/\/collier-law.com\/wp-content\/uploads\/2022\/10\/Estate-Attorney-McMinnville-OR-350x233.jpg 350w, https:\/\/collier-law.com\/wp-content\/uploads\/2022\/10\/Estate-Attorney-McMinnville-OR.jpg 450w\" sizes=\"auto, (max-width: 350px) 100vw, 350px\" \/><\/p>\n<p><span style=\"font-weight: 400;\">Algunos tipos de fideicomisos pueden protegerle a usted directamente. Lo m\u00e1s habitual es utilizar los fideicomisos para proteger los bienes de sus seres queridos. Esto puede incluir la protecci\u00f3n de la herencia de sus hijos en caso de que se divorcien de su c\u00f3nyuge, as\u00ed como la protecci\u00f3n frente a demandas, juicios, ejecuciones hipotecarias, quiebras y otras amenazas para su herencia.<\/span><\/p>\n<p><span style=\"font-weight: 400;\"><\/span><span style=\"font-weight: 400;\">Tambi\u00e9n puede proteger a sus beneficiarios, que podr\u00edan ser encarcelados, sufrir drogadicci\u00f3n o explotaci\u00f3n financiera. Si un beneficiario recibe prestaciones p\u00fablicas en funci\u00f3n de sus necesidades, puede establecerse un tipo especial de fideicomiso que trabaje en consonancia con esas prestaciones y garantice que el beneficiario no quede inhabilitado para recibir una herencia.<\/span><\/p>\n<h3>Piense en un fideicomiso<\/h3>\n<p>Para una visi\u00f3n general de las ventajas e inconvenientes de los fideicomisos en vida revocables, <a title=\"Enlace a los fideicomisos testamentarios revocables\" href=\"https:\/\/collier-law.com\/es\/revocable-living-trusts\/\">pulse aqu\u00ed<\/a>.<\/p>\n<p><b>\u00bfPuede un fideicomiso revocable ayudar a evitar la sucesi\u00f3n?<\/b><span style=\"font-weight: 400;\"><br \/>\n<\/span><span style=\"font-weight: 400;\">Los fideicomisos son una herramienta de planificaci\u00f3n patrimonial muy com\u00fan y eficaz. A muchas personas no les interesa que su patrimonio se resuelva en los tribunales testamentarios bajo la direcci\u00f3n de<\/span> <span style=\"font-weight: 400;\">de un testamento. Un fideicomiso bien preparado y mantenido evitar\u00e1 los retrasos y gastos de la legalizaci\u00f3n de un testamento. Tambi\u00e9n puede reducir los impuestos sobre su patrimonio en caso de fallecimiento. El fideicomiso describir\u00e1 qui\u00e9n puede actuar como fideicomisario en caso de que los otorgantes del fideicomiso queden incapacitados. Sin un<\/span> <span style=\"font-weight: 400;\">fideicomiso, es posible que los tribunales tengan que intervenir para designar a una persona que administre sus bienes mediante una curatela. Una curatela es tambi\u00e9n un proceso costoso y oneroso que puede evitarse con un fideicomiso testamentario revocable. Evitar la sucesi\u00f3n puede ayudar a que un patrimonio modesto conserve su valor para los beneficiarios.<\/span><\/p>\n<p><b>Si tengo un fideicomiso revocable, \u00bfnecesito un testamento?<\/b><span style=\"font-weight: 400;\"><br \/>\n<\/span><span style=\"font-weight: 400;\">Aunque tenga un fideicomiso testamentario revocable, necesitar\u00e1 un testamento paterno. Como su nombre indica, un testamento por vertido es <\/span><span style=\"font-weight: 400;\">\u00a0<\/span><span style=\"font-weight: 400;\">se utiliza para \"verter\" en su fideicomiso cualquier activo que accidentalmente haya quedado fuera de su fideicomiso. Esto incluye los bienes que no hayan sido debidamente titulados a nombre de su fideicomiso durante su vida. Lo ideal es que el testamento no sea necesario. Sin embargo, este documento sirve como red de seguridad para el fideicomiso. Los t\u00e9rminos del testamento pour-over declaran que su fideicomiso es su \u00fanico beneficiario, y esto permitir\u00e1 que cualquier bien accidentalmente<\/span> <span style=\"font-weight: 400;\">omitir los activos que se distribuir\u00e1n a trav\u00e9s de las disposiciones de su fideicomiso una vez que se haya completado la legalizaci\u00f3n testamentaria.<\/span><\/p>\n<p><span style=\"font-weight: 400;\">El equipo jur\u00eddico de Collier Law est\u00e1 a su disposici\u00f3n para ayudarle con la planificaci\u00f3n patrimonial, la administraci\u00f3n de fideicomisos y los procedimientos sucesorios.<\/span><a href=\"https:\/\/collier-law.com\/es\/\"><span style=\"font-weight: 400;\"> en Salem<\/span><\/a><span style=\"font-weight: 400;\">McMinnville, y las \u00e1reas circundantes. Por favor llame a nuestra oficina para programar su consulta gratuita con uno de nuestros abogados experimentados.<\/span><\/p>","protected":false},"excerpt":{"rendered":"<p>Encontrar un abogado de bienes de confianza hoy Collier Ley cerca de McMinnville tiene experiencia en todos los aspectos de la planificaci\u00f3n del patrimonio. Nuestra pr\u00e1ctica...<\/p>","protected":false},"author":4,"featured_media":15307,"parent":0,"menu_order":0,"comment_status":"closed","ping_status":"closed","template":"page-service-template.php","meta":{"_acf_changed":false,"footnotes":""},"class_list":["post-2621","page","type-page","status-publish","has-post-thumbnail","hentry"],"acf":[],"meta_description":"Estate planning is a crucial aspect of preparing for your financial future. At Collier Law, we provide you with your estate planning attorney in McMinnville OR!","meta_title":"","yoast_meta_title":"","yoast_meta_description":"","service_name":"Estate Planning","service_description":"At Collier Law, we assist our clients by navigating the legal proceedings associated with an estate plan. Our attorneys have years of experience providing these services and they are skilled enough to ensure all the necessary documents are detailed and thorough, ensuring our client's best interests. ","service_image":"https:\/\/collier-law.com\/wp-content\/uploads\/2020\/12\/Estate-Planning-McMinnville-OR.jpg","schema_address":"1","_links":{"self":[{"href":"https:\/\/collier-law.com\/es\/wp-json\/wp\/v2\/pages\/2621","targetHints":{"allow":["GET"]}}],"collection":[{"href":"https:\/\/collier-law.com\/es\/wp-json\/wp\/v2\/pages"}],"about":[{"href":"https:\/\/collier-law.com\/es\/wp-json\/wp\/v2\/types\/page"}],"author":[{"embeddable":true,"href":"https:\/\/collier-law.com\/es\/wp-json\/wp\/v2\/users\/4"}],"replies":[{"embeddable":true,"href":"https:\/\/collier-law.com\/es\/wp-json\/wp\/v2\/comments?post=2621"}],"version-history":[{"count":11,"href":"https:\/\/collier-law.com\/es\/wp-json\/wp\/v2\/pages\/2621\/revisions"}],"predecessor-version":[{"id":16371,"href":"https:\/\/collier-law.com\/es\/wp-json\/wp\/v2\/pages\/2621\/revisions\/16371"}],"wp:featuredmedia":[{"embeddable":true,"href":"https:\/\/collier-law.com\/es\/wp-json\/wp\/v2\/media\/15307"}],"wp:attachment":[{"href":"https:\/\/collier-law.com\/es\/wp-json\/wp\/v2\/media?parent=2621"}],"curies":[{"name":"wp","href":"https:\/\/api.w.org\/{rel}","templated":true}]}}