{"id":2718,"date":"2020-12-30T08:42:38","date_gmt":"2020-12-30T16:42:38","guid":{"rendered":"https:\/\/collier-law.com\/?page_id=2718"},"modified":"2021-05-19T13:33:28","modified_gmt":"2021-05-19T20:33:28","slug":"trust-administration-keizer-or","status":"publish","type":"page","link":"https:\/\/collier-law.com\/es\/trust-administration-keizer-or\/","title":{"rendered":"Administraci\u00f3n fiduciaria Keizer OR"},"content":{"rendered":"<p><strong>Acuerdo fiduciario de Oreg\u00f3n<\/strong><br \/>\n<img loading=\"lazy\" decoding=\"async\" title=\"Administraci\u00f3n fiduciaria Keizer OR\" src=\"https:\/\/collier-law.com\/wp-content\/uploads\/2020\/12\/Trust-Administration-Keizer-OR-350x233.jpg\" alt=\"Trust Administration Keizer OR\" width=\"350\" height=\"233\" class=\"alignright size-medium wp-image-2720\" srcset=\"https:\/\/collier-law.com\/wp-content\/uploads\/2020\/12\/Trust-Administration-Keizer-OR-350x233.jpg 350w, https:\/\/collier-law.com\/wp-content\/uploads\/2020\/12\/Trust-Administration-Keizer-OR.jpg 450w\" sizes=\"auto, (max-width: 350px) 100vw, 350px\" \/>Collier Law cerca de Keizer tiene experiencia en todos los aspectos de la ley de fideicomiso. Nuestra pr\u00e1ctica se centra exclusivamente en los testamentos, <a href=\"https:\/\/collier-law.com\/es\/trusts-attorney-keizer-or\/\" title=\"Fideicomisos Abogado Keizer OR\">fideicomisos<\/a>, sucesiones, tutelas y curatelas. <\/p>\n<p>Nuestros abogados prestan asesoramiento jur\u00eddico a fideicomisarios y fideicomisarios sucesores que necesitan ayuda con la liquidaci\u00f3n de fideicomisos.<\/p>\n<p>Si le nombran fideicomisario de un fideicomiso, es importante que se informe de lo que se espera de usted, tanto por parte de la familia como en virtud de la legislaci\u00f3n de Oreg\u00f3n.<\/p>\n<p>Un fideicomiso, o fideicomiso testamentario revocable, es una herramienta jur\u00eddica de uso com\u00fan para la planificaci\u00f3n del patrimonio. Los bienes muebles e inmuebles son propiedad del fideicomiso. La persona responsable de gestionar esos activos a la muerte del creador del fideicomiso y, en \u00faltima instancia, de distribuirlos a los beneficiarios, se denomina fideicomisario sucesor.<\/p>\n<p><strong>Nuestra oficina ayuda a los clientes con:<\/strong><\/p>\n<ul>\n<li><strong>Creaci\u00f3n de fideicomisos:<\/strong> Trabajamos en estrecha colaboraci\u00f3n con nuestros clientes de planificaci\u00f3n patrimonial para establecer fideicomisos y gestionar los activos propiedad del fideicomiso y controlados por nuestros clientes como fideicomisarios durante su vida.<\/li>\n<li><strong>Liquidaci\u00f3n de fideicomisos:<\/strong> Ayudamos a los fideicomisarios sucesores a interpretar el lenguaje y las disposiciones del fideicomiso, a gestionar los activos durante la incapacidad del creador del fideicomiso, a resolver las reclamaciones de los acreedores, a distribuir los activos del fideicomiso al fallecer y a comprender las diversas obligaciones de un fideicomisario.<\/li>\n<\/ul>\n<h2>Servicios de administraci\u00f3n fiduciaria<\/h2>\n<p>En el fideicomiso se nombra a un fideicomisario sucesor para gestionar los asuntos de una persona cuando \u00e9sta no pueda hacerlo por s\u00ed misma. La funci\u00f3n del fideicomisario sucesor es cumplir los t\u00e9rminos del fideicomiso y administrar los bienes fideicomitidos. Lo que ello implique depender\u00e1 de los aspectos singulares del fideicomiso que se administre y de los activos en juego. A menudo incluye las siguientes tareas: identificar a los beneficiarios y beneficiarios secundarios, pagar los gastos administrativos, hacer frente a los acreedores, distribuir los activos a los beneficiarios siguiendo las disposiciones del fideicomiso, hacer los arreglos para la preparaci\u00f3n de impuestos y mantener un fondo de reserva para pagar impuestos si es necesario.<\/p>\n<h2>Administraci\u00f3n de patrimonios y fideicomisos<\/h2>\n<p><strong>Mis padres me nombraron fideicomisario sucesor. \u00bfQu\u00e9 hago ahora?<\/strong><br \/>\n<img loading=\"lazy\" decoding=\"async\" title=\"Creaci\u00f3n de un fideicomiso Keizer OR\" src=\"https:\/\/collier-law.com\/wp-content\/uploads\/2020\/12\/Setting-Up-A-Trust-Keizer-OR-350x233.jpg\" alt=\"Setting Up A Trust Keizer OR\" width=\"350\" height=\"233\" class=\"alignright size-medium wp-image-2722\" srcset=\"https:\/\/collier-law.com\/wp-content\/uploads\/2020\/12\/Setting-Up-A-Trust-Keizer-OR-350x233.jpg 350w, https:\/\/collier-law.com\/wp-content\/uploads\/2020\/12\/Setting-Up-A-Trust-Keizer-OR.jpg 450w\" sizes=\"auto, (max-width: 350px) 100vw, 350px\" \/>Si alguien le nombra como fideicomisario sucesor de su fideicomiso, usted no est\u00e1 obligado a aceptar el papel de fideicomisario sucesor. Animamos a nuestros clientes a que traigan a sus fideicomisarios sucesores para una conversaci\u00f3n sobre lo que implica ese trabajo si eso es \u00fatil para la familia. Nuestro despacho puede asesorarle sobre cu\u00e1les pueden ser sus funciones si decide seguir adelante. Un fideicomisario sucesor debe localizar y gestionar todos los activos del fideicomiso, como cuentas, propiedades y bienes inmuebles. El fiduciario debe notificar a los beneficiarios del fideicomiso la liquidaci\u00f3n del mismo y seguir las instrucciones descritas en el propio documento fiduciario. Al aceptar el papel de fideicomisario sucesor, estar\u00e1 actuando en calidad de fiduciario y tendr\u00e1 ciertos deberes para con los beneficiarios del fideicomiso. Si estas obligaciones no se cumplen cuidadosamente, el fideicomisario sucesor puede ser personalmente responsable ante los beneficiarios del fideicomiso. Antes de aceptar el nombramiento, es importante asegurarse de que comprende las obligaciones que conlleva el cargo de fideicomisario sucesor.<\/p>\n<p><strong>\u00bfQu\u00e9 acciones emprende un fideicomisario cuando alguien fallece?<\/strong><br \/>\nLa liquidaci\u00f3n de un fideicomiso es un proceso privado en el que, por lo general, no interviene el tribunal. No obstante, el fideicomisario debe seguir unas directrices estrictas establecidas en el documento del fideicomiso y en la legislaci\u00f3n de Oreg\u00f3n. Un fideicomisario (tambi\u00e9n denominado fideicomisario sucesor) debe administrar el fideicomiso y gestionar sus activos de buena fe y en el mejor inter\u00e9s de los beneficiarios del fideicomiso. Existen obligaciones relativas a la divulgaci\u00f3n de informaci\u00f3n y a la elaboraci\u00f3n de informes financieros.<\/p>\n<p>Los fideicomisarios sucesores suelen recurrir a profesionales del derecho, la contabilidad y las inversiones para que les ayuden a liquidar el fideicomiso con eficacia. El primer paso que debe dar como fideicomisario sucesor es buscar un abogado que le ayude a cumplir con sus obligaciones.<\/p>\n<h2>Abogado de administraci\u00f3n fiduciaria<\/h2>\n<p>Muchos fideicomisarios trabajan con abogados en la liquidaci\u00f3n de fideicomisos. Un abogado puede garantizar que el fideicomisario cumpla con sus obligaciones de la forma m\u00e1s r\u00e1pida y eficaz posible. Un abogado tambi\u00e9n puede ayudar al fideicomisario a evitar exponerse a una responsabilidad personal por la forma en que se liquida el fideicomiso o se gestionan los activos. Los gastos del abogado del fideicomisario suelen ser gastos de administraci\u00f3n deducibles y pueden pagarse con los activos del fideicomiso.<\/p>\n<p>El equipo legal de Collier Law cerca de Keizer est\u00e1 aqu\u00ed para ayudarle con los procedimientos de administraci\u00f3n de fideicomisos, <a href=\"https:\/\/collier-law.com\/es\/guardianship-and-conservatorship-keizer-or\/\">tutelas y curatelas<\/a>y m\u00e1s. Por favor llame a nuestra oficina para programar una consulta con uno de nuestros abogados con experiencia.<\/p>","protected":false},"excerpt":{"rendered":"<p>Oregon Trust Settlement Collier Law cerca de Keizer tiene experiencia en todos los aspectos de la ley de fideicomiso. Nuestra pr\u00e1ctica se centra exclusivamente en...<\/p>","protected":false},"author":4,"featured_media":2721,"parent":0,"menu_order":0,"comment_status":"closed","ping_status":"closed","template":"page-service-template.php","meta":{"_acf_changed":false,"footnotes":""},"class_list":["post-2718","page","type-page","status-publish","has-post-thumbnail","hentry"],"acf":[],"meta_description":"Our team of attorneys is here to assist you with wills, trusts, and estate planning. When you need help with trust administration in Keizer OR give us a call!","meta_title":"","yoast_meta_title":"","yoast_meta_description":"","service_name":"Trust Administration","service_description":"At Collier Law, our team of experienced attorneys understands the ins and outs of the trust administration process. Many people that are named as the successor trustee of someone's trust don't quite know what to do when the time comes to handle the responsibilities associated with that role. We are here to help explain those duties and guide you through the process. When creating a trust we encourage our clients to bring their successor trustee with them so we can explain what the job entails and help make the future process easier. The team at Collier Law is here to assist you in any way we can through the trust administration process. ","service_image":"https:\/\/collier-law.com\/wp-content\/uploads\/2020\/12\/Trust-Administration-Keizer-OR.jpg","schema_address":"1","_links":{"self":[{"href":"https:\/\/collier-law.com\/es\/wp-json\/wp\/v2\/pages\/2718","targetHints":{"allow":["GET"]}}],"collection":[{"href":"https:\/\/collier-law.com\/es\/wp-json\/wp\/v2\/pages"}],"about":[{"href":"https:\/\/collier-law.com\/es\/wp-json\/wp\/v2\/types\/page"}],"author":[{"embeddable":true,"href":"https:\/\/collier-law.com\/es\/wp-json\/wp\/v2\/users\/4"}],"replies":[{"embeddable":true,"href":"https:\/\/collier-law.com\/es\/wp-json\/wp\/v2\/comments?post=2718"}],"version-history":[{"count":7,"href":"https:\/\/collier-law.com\/es\/wp-json\/wp\/v2\/pages\/2718\/revisions"}],"predecessor-version":[{"id":3568,"href":"https:\/\/collier-law.com\/es\/wp-json\/wp\/v2\/pages\/2718\/revisions\/3568"}],"wp:featuredmedia":[{"embeddable":true,"href":"https:\/\/collier-law.com\/es\/wp-json\/wp\/v2\/media\/2721"}],"wp:attachment":[{"href":"https:\/\/collier-law.com\/es\/wp-json\/wp\/v2\/media?parent=2718"}],"curies":[{"name":"wp","href":"https:\/\/api.w.org\/{rel}","templated":true}]}}