{"id":48,"date":"2019-11-12T10:50:25","date_gmt":"2019-11-12T18:50:25","guid":{"rendered":"http:\/\/collier-law.com\/?page_id=48"},"modified":"2025-10-10T15:13:26","modified_gmt":"2025-10-10T22:13:26","slug":"contact","status":"publish","type":"page","link":"https:\/\/collier-law.com\/es\/contact\/","title":{"rendered":"Contacte con nosotros"},"content":{"rendered":"<h2>Ley Collier<\/h2>\n<p>Direcci\u00f3n: <a rel=\"noopener noreferrer\" target=\"_blank\" href=\"https:\/\/www.google.com\/maps\/place\/Collier+Law\/@44.930896,-123.042158,16z\/data=!4m5!3m4!1s0x54bfff685fb02ec7:0x933c8340c05e0642!8m2!3d44.9308969!4d-123.042146?hl=en-US\">1020 Liberty Street SE, Salem, OR 97302<\/a><br \/>\nTel\u00e9fono: <a href=\"tel:+5034857224\">(503) 485-7224<\/a><\/p>\n<p>Los abogados de Collier Law se enorgullecen de nuestro sincero deseo de comprender sus necesidades y las de su familia y de ofrecer soluciones viables.<\/p>\n<p>Nuestro bufete de abogados est\u00e1 convenientemente situado en el coraz\u00f3n del centro de Salem, a pocos minutos de la autopista I-5.<\/p>\n<p>Para programar una consulta inicial con los abogados de nuestro experimentado equipo legal, ll\u00e1menos. Tambi\u00e9n puede ponerse en contacto con nosotros a trav\u00e9s del formulario rellenable a la derecha.<\/p>\n<p>Amplio aparcamiento: Disponemos de un aparcamiento privado para nuestro personal y nuestros clientes con capacidad para 31 veh\u00edculos, con plazas reservadas para personas con discapacidad y una entrada adaptada a la ADA. Nuestros clientes no tienen que luchar con el aparcamiento en la calle o parqu\u00edmetros. Nuestra oficina se encuentra justo despu\u00e9s de la intersecci\u00f3n de las calles Liberty y Owens, justo al sur de la calle Mission. Al viajar en direcci\u00f3n norte por Liberty hacia el centro de Salem, ver\u00e1 nuestra oficina a la derecha.<\/p>\n<hr class=\"narrow\" \/>\n<p><center><\/center><\/p>\n<h3>Disponemos de dos ubicaciones para atenderle.<\/h3>\n<p>We look forward to hearing from you!<\/p>\n<div class=\"ews_grid wgaps\"><div class=\"cbox\" \"><h4>Ley Collier<\/h4><ul><li class=\"cboxaddress\"><i class=\"fas fa-map-marker-alt\"><\/i><span>1020 Liberty St SE <br>Salem OR 97302<\/span><\/li><li class=\"cboxphone\"><i class=\"fas fa-phone-alt\"><\/i><span><a class=\"cbox-phone-click\" href=\"tel:(503)485-7224\">(503) 485-7224<\/a><\/span><\/li><li class=\"cboxwww\"><i class=\"fas fa-link\"><\/i><span><a href=\"https:\/\/collier-law.com\/es\/\" title=\"Testamentos de Collier Law\">https:\/\/collier-law.com\/es\/<\/a><\/span><\/li><\/ul><\/div> <img loading=\"lazy\" decoding=\"async\" src=\"https:\/\/collier-law.com\/wp-content\/uploads\/2020\/05\/OfficePhotos-1.jpg\" alt=\"Officephotos 1\" width=\"480\" height=\"318\" class=\"aligncenter size-full wp-image-2149\" srcset=\"https:\/\/collier-law.com\/wp-content\/uploads\/2020\/05\/OfficePhotos-1.jpg 480w, https:\/\/collier-law.com\/wp-content\/uploads\/2020\/05\/OfficePhotos-1-350x232.jpg 350w\" sizes=\"auto, (max-width: 480px) 100vw, 480px\" \/><\/div>\n<div class=\"map-scode\"><iframe loading=\"lazy\" src=\"https:\/\/www.google.com\/maps\/embed?pb=!1m18!1m12!1m3!1d2824.6279681719784!2d-123.0443400484736!3d44.93090067678651!2m3!1f0!2f0!3f0!3m2!1i1024!2i768!4f13.1!3m3!1m2!1s0x54bfff685fb02ec7%3A0x933c8340c05e0642!2sCollier%20Law!5e0!3m2!1sen!2sus!4v1590171195695!5m2!1sen!2sus\" width=\"99%\" height=\"250\" frameborder=\"0\" style=\"border:0;\" allowfullscreen=\"\" aria-hidden=\"false\" tabindex=\"0\"><\/iframe><\/div>\n<div class=\"oeel-contact\"><img loading=\"lazy\" decoding=\"async\" src=\"https:\/\/collier-law.com\/wp-content\/uploads\/2022\/10\/lakeoswego-contact-map2.jpg\" alt=\"Lakeoswego Contact Map2\" width=\"999\" height=\"590\" class=\"alignnone wp-image-15458 size-full\" srcset=\"https:\/\/collier-law.com\/wp-content\/uploads\/2022\/10\/lakeoswego-contact-map2.jpg 999w, https:\/\/collier-law.com\/wp-content\/uploads\/2022\/10\/lakeoswego-contact-map2-350x207.jpg 350w, https:\/\/collier-law.com\/wp-content\/uploads\/2022\/10\/lakeoswego-contact-map2-768x454.jpg 768w\" sizes=\"auto, (max-width: 999px) 100vw, 999px\" \/><\/div>","protected":false},"excerpt":{"rendered":"<p>Collier Law Direcci\u00f3n: 1020 Liberty Street SE, Salem, OR 97302 Tel\u00e9fono: (503) 485-7224 Los abogados de Collier Law...<\/p>","protected":false},"author":4,"featured_media":0,"parent":0,"menu_order":0,"comment_status":"closed","ping_status":"closed","template":"","meta":{"_acf_changed":false,"footnotes":""},"class_list":["post-48","page","type-page","status-publish","hentry"],"acf":[],"meta_description":"Collier Law can help with wills, trusts, powers of attorney, and other advanced estate planning techniques, schedule your free estate planning consult today!","meta_title":"","yoast_meta_title":"","yoast_meta_description":"","service_name":"Testing Service Name","service_description":"Testing Description","service_image":"https:\/\/collier-law.com\/wp-content\/uploads\/2017\/04\/ews-black-transparent.png","schema_address":"1","_links":{"self":[{"href":"https:\/\/collier-law.com\/es\/wp-json\/wp\/v2\/pages\/48","targetHints":{"allow":["GET"]}}],"collection":[{"href":"https:\/\/collier-law.com\/es\/wp-json\/wp\/v2\/pages"}],"about":[{"href":"https:\/\/collier-law.com\/es\/wp-json\/wp\/v2\/types\/page"}],"author":[{"embeddable":true,"href":"https:\/\/collier-law.com\/es\/wp-json\/wp\/v2\/users\/4"}],"replies":[{"embeddable":true,"href":"https:\/\/collier-law.com\/es\/wp-json\/wp\/v2\/comments?post=48"}],"version-history":[{"count":111,"href":"https:\/\/collier-law.com\/es\/wp-json\/wp\/v2\/pages\/48\/revisions"}],"predecessor-version":[{"id":19482,"href":"https:\/\/collier-law.com\/es\/wp-json\/wp\/v2\/pages\/48\/revisions\/19482"}],"wp:attachment":[{"href":"https:\/\/collier-law.com\/es\/wp-json\/wp\/v2\/media?parent=48"}],"curies":[{"name":"wp","href":"https:\/\/api.w.org\/{rel}","templated":true}]}}